{"id":62,"date":"2021-05-09T11:14:31","date_gmt":"2021-05-09T09:14:31","guid":{"rendered":"https:\/\/mediakomp.info\/?page_id=62"},"modified":"2024-06-06T22:43:54","modified_gmt":"2024-06-06T20:43:54","slug":"grafika-2d","status":"publish","type":"page","link":"https:\/\/mediakomp.info\/index.php\/grafika-2d\/","title":{"rendered":"Grafika 2D"},"content":{"rendered":"\n<div style=\"height:100px\" aria-hidden=\"true\" class=\"wp-block-spacer\"><\/div>\n\n\n\n<h2 class=\"wp-block-heading alignwide has-text-align-center\" style=\"font-size:32px\">Specjalizujemy si\u0119 w tworzeniu wysokiej jako\u015bci projekt\u00f3w graficznych, kt\u00f3re przyci\u0105gaj\u0105 uwag\u0119 i skutecznie komunikuj\u0105 Twoj\u0105 mark\u0119. Nasze us\u0142ugi obejmuj\u0105 szeroki zakres materia\u0142\u00f3w, takich jak plakaty, ulotki, wizyt\u00f3wki, banery, grafiki i loga. Ka\u017cdy projekt dostosowujemy do indywidualnych potrzeb klienta, dbaj\u0105c o najdrobniejsze szczeg\u00f3\u0142y i estetyk\u0119.<\/h2>\n\n\n\n<div style=\"height:30px\" aria-hidden=\"true\" class=\"wp-block-spacer\"><\/div>\n\n\n\n<h2 class=\"wp-block-heading alignwide has-text-align-center\">Zobacz wybrane projekty, kt\u00f3re zrealizowali\u015bmy dla naszych klient\u00f3w. Ka\u017cda z poni\u017cszych realizacji jest przyk\u0142adem naszej kreatywno\u015bci i zaanga\u017cowania w tworzenie wyj\u0105tkowych projekt\u00f3w graficznych.<\/h2>\n\n\n\n<div style=\"height:30px\" aria-hidden=\"true\" class=\"wp-block-spacer\"><\/div>\n\n\n\n<div class=\"wp-block-columns alignwide is-layout-flex wp-container-core-columns-is-layout-9d6595d7 wp-block-columns-is-layout-flex\">\n<div class=\"wp-block-column is-layout-flow wp-block-column-is-layout-flow\" style=\"flex-basis:100%\"><div class=\"wp-block-image\">\n<figure class=\"aligncenter size-large is-resized\"><img loading=\"lazy\" decoding=\"async\" width=\"1024\" height=\"562\" src=\"https:\/\/mediakomp.info\/wp-content\/uploads\/2021\/05\/Snowman-1024x562.jpg\" alt=\"\" class=\"wp-image-364\" style=\"width:388px;height:212px\" srcset=\"https:\/\/mediakomp.info\/wp-content\/uploads\/2021\/05\/Snowman-1024x562.jpg 1024w, https:\/\/mediakomp.info\/wp-content\/uploads\/2021\/05\/Snowman-300x165.jpg 300w, https:\/\/mediakomp.info\/wp-content\/uploads\/2021\/05\/Snowman-768x421.jpg 768w, https:\/\/mediakomp.info\/wp-content\/uploads\/2021\/05\/Snowman-1536x843.jpg 1536w, https:\/\/mediakomp.info\/wp-content\/uploads\/2021\/05\/Snowman.jpg 1928w\" sizes=\"auto, (max-width: 1024px) 100vw, 1024px\" \/><\/figure><\/div><\/div>\n\n\n\n<div class=\"wp-block-column is-layout-flow wp-block-column-is-layout-flow\" style=\"flex-basis:100%\"><div class=\"wp-block-image\">\n<figure class=\"aligncenter size-large is-resized\"><img loading=\"lazy\" decoding=\"async\" width=\"1024\" height=\"589\" src=\"https:\/\/mediakomp.info\/wp-content\/uploads\/2022\/10\/Nowa-wizytowka-Awers-1024x589.jpg\" alt=\"\" class=\"wp-image-572\" style=\"width:368px;height:212px\" srcset=\"https:\/\/mediakomp.info\/wp-content\/uploads\/2022\/10\/Nowa-wizytowka-Awers-1024x589.jpg 1024w, https:\/\/mediakomp.info\/wp-content\/uploads\/2022\/10\/Nowa-wizytowka-Awers-300x172.jpg 300w, https:\/\/mediakomp.info\/wp-content\/uploads\/2022\/10\/Nowa-wizytowka-Awers-768x441.jpg 768w, https:\/\/mediakomp.info\/wp-content\/uploads\/2022\/10\/Nowa-wizytowka-Awers.jpg 1110w\" sizes=\"auto, (max-width: 1024px) 100vw, 1024px\" \/><\/figure><\/div><\/div>\n\n\n\n<div class=\"wp-block-column is-layout-flow wp-block-column-is-layout-flow\" style=\"flex-basis:100%\"><div class=\"wp-block-image\">\n<figure class=\"aligncenter size-large is-resized\"><img loading=\"lazy\" decoding=\"async\" width=\"1024\" height=\"589\" src=\"https:\/\/mediakomp.info\/wp-content\/uploads\/2021\/11\/WIZYTOWKA_AWERS_Zamek2222-1024x589.png\" alt=\"\" class=\"wp-image-405\" style=\"width:368px;height:212px\" srcset=\"https:\/\/mediakomp.info\/wp-content\/uploads\/2021\/11\/WIZYTOWKA_AWERS_Zamek2222-1024x589.png 1024w, https:\/\/mediakomp.info\/wp-content\/uploads\/2021\/11\/WIZYTOWKA_AWERS_Zamek2222-300x172.png 300w, https:\/\/mediakomp.info\/wp-content\/uploads\/2021\/11\/WIZYTOWKA_AWERS_Zamek2222-768x441.png 768w, https:\/\/mediakomp.info\/wp-content\/uploads\/2021\/11\/WIZYTOWKA_AWERS_Zamek2222.png 1110w\" sizes=\"auto, (max-width: 1024px) 100vw, 1024px\" \/><\/figure><\/div><\/div>\n\n\n\n<div class=\"wp-block-column is-layout-flow wp-block-column-is-layout-flow\">\n<figure class=\"wp-block-image size-large\"><img loading=\"lazy\" decoding=\"async\" width=\"1024\" height=\"589\" src=\"https:\/\/mediakomp.info\/wp-content\/uploads\/2021\/11\/WIZYTOWKA_AWERS_Zamek2222-1024x589.png\" alt=\"\" class=\"wp-image-405\" srcset=\"https:\/\/mediakomp.info\/wp-content\/uploads\/2021\/11\/WIZYTOWKA_AWERS_Zamek2222-1024x589.png 1024w, https:\/\/mediakomp.info\/wp-content\/uploads\/2021\/11\/WIZYTOWKA_AWERS_Zamek2222-300x172.png 300w, https:\/\/mediakomp.info\/wp-content\/uploads\/2021\/11\/WIZYTOWKA_AWERS_Zamek2222-768x441.png 768w, https:\/\/mediakomp.info\/wp-content\/uploads\/2021\/11\/WIZYTOWKA_AWERS_Zamek2222.png 1110w\" sizes=\"auto, (max-width: 1024px) 100vw, 1024px\" \/><\/figure>\n<\/div>\n<\/div>\n\n\n\n<div class=\"wp-block-columns alignwide is-layout-flex wp-container-core-columns-is-layout-9d6595d7 wp-block-columns-is-layout-flex\">\n<div class=\"wp-block-column is-layout-flow wp-block-column-is-layout-flow\" style=\"flex-basis:100%\"><div class=\"wp-block-image\">\n<figure class=\"aligncenter size-large is-resized\"><img loading=\"lazy\" decoding=\"async\" width=\"820\" height=\"1024\" src=\"https:\/\/mediakomp.info\/wp-content\/uploads\/2023\/06\/1-820x1024.jpg\" alt=\"\" class=\"wp-image-889\" style=\"width:388px;height:484px\" srcset=\"https:\/\/mediakomp.info\/wp-content\/uploads\/2023\/06\/1-820x1024.jpg 820w, https:\/\/mediakomp.info\/wp-content\/uploads\/2023\/06\/1-240x300.jpg 240w, https:\/\/mediakomp.info\/wp-content\/uploads\/2023\/06\/1-768x959.jpg 768w, https:\/\/mediakomp.info\/wp-content\/uploads\/2023\/06\/1-1230x1536.jpg 1230w, https:\/\/mediakomp.info\/wp-content\/uploads\/2023\/06\/1-1640x2048.jpg 1640w, https:\/\/mediakomp.info\/wp-content\/uploads\/2023\/06\/1.jpg 1902w\" sizes=\"auto, (max-width: 820px) 100vw, 820px\" \/><\/figure><\/div><\/div>\n\n\n\n<div class=\"wp-block-column is-layout-flow wp-block-column-is-layout-flow\" style=\"flex-basis:100%\"><div class=\"wp-block-image\">\n<figure class=\"aligncenter size-large is-resized\"><img loading=\"lazy\" decoding=\"async\" width=\"820\" height=\"1024\" src=\"https:\/\/mediakomp.info\/wp-content\/uploads\/2023\/06\/2-820x1024.jpg\" alt=\"\" class=\"wp-image-890\" style=\"width:388px;height:484px\" srcset=\"https:\/\/mediakomp.info\/wp-content\/uploads\/2023\/06\/2-820x1024.jpg 820w, https:\/\/mediakomp.info\/wp-content\/uploads\/2023\/06\/2-240x300.jpg 240w, https:\/\/mediakomp.info\/wp-content\/uploads\/2023\/06\/2-768x959.jpg 768w, https:\/\/mediakomp.info\/wp-content\/uploads\/2023\/06\/2-1230x1536.jpg 1230w, https:\/\/mediakomp.info\/wp-content\/uploads\/2023\/06\/2-1640x2048.jpg 1640w, https:\/\/mediakomp.info\/wp-content\/uploads\/2023\/06\/2.jpg 1902w\" sizes=\"auto, (max-width: 820px) 100vw, 820px\" \/><\/figure><\/div><\/div>\n\n\n\n<div class=\"wp-block-column is-layout-flow wp-block-column-is-layout-flow\" style=\"flex-basis:100%\"><div class=\"wp-block-image\">\n<figure class=\"aligncenter size-large is-resized\"><img loading=\"lazy\" decoding=\"async\" width=\"820\" height=\"1024\" src=\"https:\/\/mediakomp.info\/wp-content\/uploads\/2023\/06\/3-820x1024.jpg\" alt=\"\" class=\"wp-image-891\" style=\"width:388px;height:485px\" srcset=\"https:\/\/mediakomp.info\/wp-content\/uploads\/2023\/06\/3-820x1024.jpg 820w, https:\/\/mediakomp.info\/wp-content\/uploads\/2023\/06\/3-240x300.jpg 240w, https:\/\/mediakomp.info\/wp-content\/uploads\/2023\/06\/3-768x959.jpg 768w, https:\/\/mediakomp.info\/wp-content\/uploads\/2023\/06\/3-1230x1536.jpg 1230w, https:\/\/mediakomp.info\/wp-content\/uploads\/2023\/06\/3-1640x2048.jpg 1640w, https:\/\/mediakomp.info\/wp-content\/uploads\/2023\/06\/3.jpg 1902w\" sizes=\"auto, (max-width: 820px) 100vw, 820px\" \/><\/figure><\/div><\/div>\n\n\n\n<div class=\"wp-block-column is-layout-flow wp-block-column-is-layout-flow\">\n<figure class=\"wp-block-image size-large\"><img loading=\"lazy\" decoding=\"async\" width=\"1024\" height=\"589\" src=\"https:\/\/mediakomp.info\/wp-content\/uploads\/2021\/11\/WIZYTOWKA_AWERS_Zamek2222-1024x589.png\" alt=\"\" class=\"wp-image-405\" srcset=\"https:\/\/mediakomp.info\/wp-content\/uploads\/2021\/11\/WIZYTOWKA_AWERS_Zamek2222-1024x589.png 1024w, https:\/\/mediakomp.info\/wp-content\/uploads\/2021\/11\/WIZYTOWKA_AWERS_Zamek2222-300x172.png 300w, https:\/\/mediakomp.info\/wp-content\/uploads\/2021\/11\/WIZYTOWKA_AWERS_Zamek2222-768x441.png 768w, https:\/\/mediakomp.info\/wp-content\/uploads\/2021\/11\/WIZYTOWKA_AWERS_Zamek2222.png 1110w\" sizes=\"auto, (max-width: 1024px) 100vw, 1024px\" \/><\/figure>\n<\/div>\n<\/div>\n\n\n\n<div class=\"wp-block-columns alignwide are-vertically-aligned-center is-layout-flex wp-container-core-columns-is-layout-9d6595d7 wp-block-columns-is-layout-flex\">\n<div class=\"wp-block-column is-vertically-aligned-center is-layout-flow wp-block-column-is-layout-flow\" style=\"flex-basis:100%\"><div class=\"wp-block-image\">\n<figure class=\"aligncenter size-large is-resized\"><img loading=\"lazy\" decoding=\"async\" width=\"1902\" height=\"2375\" src=\"https:\/\/mediakomp.info\/wp-content\/uploads\/2023\/06\/4-820x1024.jpg\" alt=\"\" class=\"wp-image-888\" style=\"width:388px;height:486px\" srcset=\"https:\/\/mediakomp.info\/wp-content\/uploads\/2023\/06\/4-820x1024.jpg 820w, https:\/\/mediakomp.info\/wp-content\/uploads\/2023\/06\/4-240x300.jpg 240w, https:\/\/mediakomp.info\/wp-content\/uploads\/2023\/06\/4-768x959.jpg 768w, https:\/\/mediakomp.info\/wp-content\/uploads\/2023\/06\/4-1230x1536.jpg 1230w, https:\/\/mediakomp.info\/wp-content\/uploads\/2023\/06\/4-1640x2048.jpg 1640w, https:\/\/mediakomp.info\/wp-content\/uploads\/2023\/06\/4.jpg 1902w\" sizes=\"auto, (max-width: 1902px) 100vw, 1902px\" \/><\/figure><\/div><\/div>\n\n\n\n<div class=\"wp-block-column is-vertically-aligned-center is-layout-flow wp-block-column-is-layout-flow\" style=\"flex-basis:100%\"><div class=\"wp-block-image\">\n<figure class=\"aligncenter size-full is-resized\"><img loading=\"lazy\" decoding=\"async\" width=\"477\" height=\"675\" src=\"https:\/\/mediakomp.info\/wp-content\/uploads\/2021\/11\/Plakat_zawody-1.png\" alt=\"\" class=\"wp-image-414\" style=\"width:388px;height:497px\" srcset=\"https:\/\/mediakomp.info\/wp-content\/uploads\/2021\/11\/Plakat_zawody-1.png 477w, https:\/\/mediakomp.info\/wp-content\/uploads\/2021\/11\/Plakat_zawody-1-212x300.png 212w\" sizes=\"auto, (max-width: 477px) 100vw, 477px\" \/><\/figure><\/div><\/div>\n\n\n\n<div class=\"wp-block-column is-vertically-aligned-center is-layout-flow wp-block-column-is-layout-flow\" style=\"flex-basis:100%\"><\/div>\n\n\n\n<div class=\"wp-block-column is-vertically-aligned-center is-layout-flow wp-block-column-is-layout-flow\">\n<figure class=\"wp-block-image size-large\"><img loading=\"lazy\" decoding=\"async\" width=\"1024\" height=\"589\" src=\"https:\/\/mediakomp.info\/wp-content\/uploads\/2021\/11\/WIZYTOWKA_AWERS_Zamek2222-1024x589.png\" alt=\"\" class=\"wp-image-405\" srcset=\"https:\/\/mediakomp.info\/wp-content\/uploads\/2021\/11\/WIZYTOWKA_AWERS_Zamek2222-1024x589.png 1024w, https:\/\/mediakomp.info\/wp-content\/uploads\/2021\/11\/WIZYTOWKA_AWERS_Zamek2222-300x172.png 300w, https:\/\/mediakomp.info\/wp-content\/uploads\/2021\/11\/WIZYTOWKA_AWERS_Zamek2222-768x441.png 768w, https:\/\/mediakomp.info\/wp-content\/uploads\/2021\/11\/WIZYTOWKA_AWERS_Zamek2222.png 1110w\" sizes=\"auto, (max-width: 1024px) 100vw, 1024px\" \/><\/figure>\n<\/div>\n<\/div>\n\n\n\n<div style=\"height:30px\" aria-hidden=\"true\" class=\"wp-block-spacer\"><\/div>\n\n\n\n<div style=\"height:30px\" aria-hidden=\"true\" class=\"wp-block-spacer\"><\/div>\n\n\n\n<p><\/p>\n","protected":false},"excerpt":{"rendered":"<p>Specjalizujemy si\u0119 w tworzeniu wysokiej jako\u015bci projekt\u00f3w graficznych, kt\u00f3re przyci\u0105gaj\u0105 uwag\u0119 i skutecznie komunikuj\u0105 Twoj\u0105 mark\u0119. Nasze us\u0142ugi obejmuj\u0105 szeroki zakres materia\u0142\u00f3w, takich jak plakaty, ulotki, wizyt\u00f3wki, banery, grafiki i loga. Ka\u017cdy projekt dostosowujemy do indywidualnych potrzeb klienta, dbaj\u0105c o najdrobniejsze szczeg\u00f3\u0142y i estetyk\u0119. Zobacz wybrane projekty, kt\u00f3re zrealizowali\u015bmy dla naszych klient\u00f3w. Ka\u017cda z poni\u017cszych&hellip;&nbsp;<a href=\"https:\/\/mediakomp.info\/index.php\/grafika-2d\/\" class=\"\" rel=\"bookmark\">Read More &raquo;<span class=\"screen-reader-text\">Grafika 2D<\/span><\/a><\/p>\n","protected":false},"author":1,"featured_media":0,"parent":0,"menu_order":0,"comment_status":"closed","ping_status":"closed","template":"","meta":{"_monsterinsights_skip_tracking":false,"_monsterinsights_sitenote_active":false,"_monsterinsights_sitenote_note":"","_monsterinsights_sitenote_category":0,"neve_meta_sidebar":"full-width","neve_meta_container":"default","neve_meta_enable_content_width":"on","neve_meta_content_width":100,"neve_meta_title_alignment":"center","neve_meta_author_avatar":"","neve_post_elements_order":"","neve_meta_disable_header":"","neve_meta_disable_footer":"","neve_meta_disable_title":"on","footnotes":""},"class_list":["post-62","page","type-page","status-publish","hentry"],"_links":{"self":[{"href":"https:\/\/mediakomp.info\/index.php\/wp-json\/wp\/v2\/pages\/62","targetHints":{"allow":["GET"]}}],"collection":[{"href":"https:\/\/mediakomp.info\/index.php\/wp-json\/wp\/v2\/pages"}],"about":[{"href":"https:\/\/mediakomp.info\/index.php\/wp-json\/wp\/v2\/types\/page"}],"author":[{"embeddable":true,"href":"https:\/\/mediakomp.info\/index.php\/wp-json\/wp\/v2\/users\/1"}],"replies":[{"embeddable":true,"href":"https:\/\/mediakomp.info\/index.php\/wp-json\/wp\/v2\/comments?post=62"}],"version-history":[{"count":17,"href":"https:\/\/mediakomp.info\/index.php\/wp-json\/wp\/v2\/pages\/62\/revisions"}],"predecessor-version":[{"id":973,"href":"https:\/\/mediakomp.info\/index.php\/wp-json\/wp\/v2\/pages\/62\/revisions\/973"}],"wp:attachment":[{"href":"https:\/\/mediakomp.info\/index.php\/wp-json\/wp\/v2\/media?parent=62"}],"curies":[{"name":"wp","href":"https:\/\/api.w.org\/{rel}","templated":true}]}}