{"id":56,"date":"2021-05-09T11:13:40","date_gmt":"2021-05-09T09:13:40","guid":{"rendered":"https:\/\/mediakomp.info\/?page_id=56"},"modified":"2024-06-06T22:59:04","modified_gmt":"2024-06-06T20:59:04","slug":"strony-www","status":"publish","type":"page","link":"https:\/\/mediakomp.info\/index.php\/strony-www\/","title":{"rendered":"Strony WWW"},"content":{"rendered":"\n<div style=\"height:100px\" aria-hidden=\"true\" class=\"wp-block-spacer\"><\/div>\n\n\n\n<h1 class=\"wp-block-heading has-text-align-center\" style=\"font-size:32px\">Najwy\u017csza jako\u015b\u0107 Twojej strony WWW &#8211; ju\u017c od 1499 z\u0142<\/h1>\n\n\n\n<div style=\"height:30px\" aria-hidden=\"true\" class=\"wp-block-spacer\"><\/div>\n\n\n\n<h2 class=\"wp-block-heading alignwide has-text-align-center has-medium-font-size\">Specjalizujemy si\u0119 w budowaniu stron internetowych za pomoc\u0105 systemu zarz\u0105dzania tre\u015bci\u0105 WordPress. Daje to bardzo du\u017ce mo\u017cliwo\u015bci konfiguracji strony &#8211; w \u0142atwy spos\u00f3b mo\u017cna dodawa\u0107 nowe funkcjonalno\u015bci, a zarz\u0105dzanie tak\u0105 stron\u0105 jest bezproblemowe.<\/h2>\n\n\n\n<div style=\"height:50px\" aria-hidden=\"true\" class=\"wp-block-spacer\"><\/div>\n\n\n\n<h1 class=\"wp-block-heading alignwide has-text-align-center\" style=\"font-size:32px\">Co wyr\u00f3\u017cnia nasze strony internetowe?<\/h1>\n\n\n\n<div style=\"height:50px\" aria-hidden=\"true\" class=\"wp-block-spacer\"><\/div>\n\n\n\n<ul class=\"has-neve-link-color-color has-text-color has-medium-font-size wp-block-list\">\n<li>Funkcjonalno\u015b\u0107<\/li>\n\n\n\n<li>Prostota<\/li>\n\n\n\n<li>\u0141atwo\u015b\u0107 rozbudowy<\/li>\n\n\n\n<li>Szybko\u015b\u0107 dzia\u0142ania<\/li>\n\n\n\n<li>Podstawowa optymalizacja SEO w cenie<\/li>\n<\/ul>\n\n\n\n<div style=\"height:50px\" aria-hidden=\"true\" class=\"wp-block-spacer\"><\/div>\n\n\n\n<h1 class=\"wp-block-heading alignwide has-text-align-center\" style=\"font-size:32px\">Dlaczego powiniene\u015b zadba\u0107 o swoj\u0105 stron\u0119 internetow\u0105?<\/h1>\n\n\n\n<div style=\"height:50px\" aria-hidden=\"true\" class=\"wp-block-spacer\"><\/div>\n\n\n\n<h2 class=\"wp-block-heading alignwide has-text-align-center has-medium-font-size\">Strona internetowa firmy jest cz\u0119sto pierwsz\u0105 i jedyn\u0105 szans\u0105 na przekonanie klienta do skorzystania ze swoich us\u0142ug. \u0141adna warstwa wizualna, przejrzysto\u015b\u0107 i funkcjonalno\u015b\u0107 z pewno\u015bci\u0105 zwi\u0119kszaj\u0105 prawdopodobie\u0144stwo na pozyskanie klienta. Dobra strona www to w dzisiejszych czasach niezb\u0119dna cz\u0119\u015b\u0107 ka\u017cdej marki.<\/h2>\n\n\n\n<div style=\"height:50px\" aria-hidden=\"true\" class=\"wp-block-spacer\"><\/div>\n\n\n\n<h1 class=\"wp-block-heading alignwide has-text-align-center\" style=\"font-size:32px\">Cennik<\/h1>\n\n\n\n<div style=\"height:50px\" aria-hidden=\"true\" class=\"wp-block-spacer\"><\/div>\n\n\n\n<h2 class=\"wp-block-heading alignwide has-text-align-center has-medium-font-size\">Koszt wykonania prostej strony &#8211; wizyt\u00f3wki (jedna strona, klient posiada ju\u017c hosting i domen\u0119) to 1499 z\u0142. Cena ro\u015bnie wraz z ilo\u015bci\u0105 podstron, tekst\u00f3w oraz grafik potrzebnych do zrealizowania wizji Klienta.<\/h2>\n\n\n\n<div style=\"height:100px\" aria-hidden=\"true\" class=\"wp-block-spacer\"><\/div>\n\n\n\n<h1 class=\"wp-block-heading alignwide has-text-align-center\" style=\"font-size:32px\">Zrealizowane przez nas strony WWW:<\/h1>\n\n\n\n<div style=\"height:50px\" aria-hidden=\"true\" class=\"wp-block-spacer\"><\/div>\n\n\n\n<div class=\"wp-block-columns is-layout-flex wp-container-core-columns-is-layout-9d6595d7 wp-block-columns-is-layout-flex\">\n<div class=\"wp-block-column is-layout-flow wp-block-column-is-layout-flow\">\n<h3 class=\"wp-block-heading has-text-align-center\"><a href=\"http:\/\/www.agromill.pl\">www.agromill.pl<\/a><\/h3>\n\n\n<div class=\"wp-block-image is-style-default\">\n<figure class=\"aligncenter size-medium is-resized\"><a href=\"https:\/\/mediakomp.info\/index.php\/strony-www\/zrzut-ekranu_9-2-2024_123845_agromill-pl\/\"><img loading=\"lazy\" decoding=\"async\" width=\"300\" height=\"169\" src=\"https:\/\/mediakomp.info\/wp-content\/uploads\/2024\/02\/Zrzut-ekranu_9-2-2024_123845_agromill.pl_-scaled-e1707478879192-300x169.jpeg\" alt=\"agro mill\" class=\"wp-image-949\" style=\"width:400px;height:225px\" srcset=\"https:\/\/mediakomp.info\/wp-content\/uploads\/2024\/02\/Zrzut-ekranu_9-2-2024_123845_agromill.pl_-scaled-e1707478879192-300x169.jpeg 300w, https:\/\/mediakomp.info\/wp-content\/uploads\/2024\/02\/Zrzut-ekranu_9-2-2024_123845_agromill.pl_-scaled-e1707478879192-1024x578.jpeg 1024w, https:\/\/mediakomp.info\/wp-content\/uploads\/2024\/02\/Zrzut-ekranu_9-2-2024_123845_agromill.pl_-scaled-e1707478879192-768x433.jpeg 768w, https:\/\/mediakomp.info\/wp-content\/uploads\/2024\/02\/Zrzut-ekranu_9-2-2024_123845_agromill.pl_-scaled-e1707478879192.jpeg 1405w\" sizes=\"auto, (max-width: 300px) 100vw, 300px\" \/><\/a><\/figure><\/div><\/div>\n\n\n\n<div class=\"wp-block-column is-layout-flow wp-block-column-is-layout-flow\">\n<h3 class=\"wp-block-heading has-text-align-center has-neve-text-color-color has-text-color\"><a href=\"http:\/\/www.retrade.com.pl\" target=\"_blank\" rel=\"noreferrer noopener\">www.retrade.com.pl<\/a><\/h3>\n\n\n<div class=\"wp-block-image is-style-default\">\n<figure class=\"aligncenter size-medium is-resized\"><a href=\"https:\/\/mediakomp.info\/index.php\/strony-www\/zrzut-ekranu_9-2-2024_123854_retrade-com-pl\/\"><img loading=\"lazy\" decoding=\"async\" width=\"300\" height=\"169\" src=\"https:\/\/mediakomp.info\/wp-content\/uploads\/2024\/02\/Zrzut-ekranu_9-2-2024_123854_retrade.com_.pl_-e1707478900253-300x169.jpeg\" alt=\"retrade\" class=\"wp-image-948\" style=\"width:402px;height:227px\"\/><\/a><\/figure><\/div>\n\n\n<p><\/p>\n<\/div>\n<\/div>\n\n\n\n<div class=\"wp-block-columns is-layout-flex wp-container-core-columns-is-layout-9d6595d7 wp-block-columns-is-layout-flex\">\n<div class=\"wp-block-column is-layout-flow wp-block-column-is-layout-flow\">\n<h3 class=\"wp-block-heading has-text-align-center\"><a href=\"http:\/\/www.azs-ujd.czest.pl\">www.azs-ujd.czest.pl<\/a><\/h3>\n\n\n<div class=\"wp-block-image is-style-default\">\n<figure class=\"aligncenter size-medium is-resized\"><a href=\"https:\/\/mediakomp.info\/index.php\/strony-www\/strona\/\"><img loading=\"lazy\" decoding=\"async\" width=\"300\" height=\"164\" src=\"https:\/\/mediakomp.info\/wp-content\/uploads\/2021\/05\/strona-300x164.png\" alt=\"strony internetowe\" class=\"wp-image-156\" style=\"width:401px;height:217px\" srcset=\"https:\/\/mediakomp.info\/wp-content\/uploads\/2021\/05\/strona-300x164.png 300w, https:\/\/mediakomp.info\/wp-content\/uploads\/2021\/05\/strona-1024x560.png 1024w, https:\/\/mediakomp.info\/wp-content\/uploads\/2021\/05\/strona-768x420.png 768w, https:\/\/mediakomp.info\/wp-content\/uploads\/2021\/05\/strona-1536x840.png 1536w, https:\/\/mediakomp.info\/wp-content\/uploads\/2021\/05\/strona.png 1730w\" sizes=\"auto, (max-width: 300px) 100vw, 300px\" \/><\/a><\/figure><\/div><\/div>\n\n\n\n<div class=\"wp-block-column is-layout-flow wp-block-column-is-layout-flow\">\n<h3 class=\"wp-block-heading has-text-align-center has-neve-text-color-color has-text-color\"><a href=\"http:\/\/www.zamekgolancz.pl\" target=\"_blank\" rel=\"noreferrer noopener\">www.zamekgolancz.pl<\/a><\/h3>\n\n\n<div class=\"wp-block-image is-style-default\">\n<figure class=\"aligncenter size-medium is-resized\"><a href=\"https:\/\/mediakomp.info\/index.php\/strony-www\/strona3-2\/\"><img loading=\"lazy\" decoding=\"async\" width=\"300\" height=\"144\" src=\"https:\/\/mediakomp.info\/wp-content\/uploads\/2021\/05\/strona3-1-300x144.png\" alt=\"strony www\" class=\"wp-image-263\" style=\"width:402px;height:194px\" srcset=\"https:\/\/mediakomp.info\/wp-content\/uploads\/2021\/05\/strona3-1-300x144.png 300w, https:\/\/mediakomp.info\/wp-content\/uploads\/2021\/05\/strona3-1-1024x492.png 1024w, https:\/\/mediakomp.info\/wp-content\/uploads\/2021\/05\/strona3-1-768x369.png 768w, https:\/\/mediakomp.info\/wp-content\/uploads\/2021\/05\/strona3-1-1536x739.png 1536w, https:\/\/mediakomp.info\/wp-content\/uploads\/2021\/05\/strona3-1.png 1903w\" sizes=\"auto, (max-width: 300px) 100vw, 300px\" \/><\/a><\/figure><\/div>\n\n\n<p><\/p>\n<\/div>\n\n\n\n<div class=\"wp-block-column is-layout-flow wp-block-column-is-layout-flow\">\n<h3 class=\"wp-block-heading has-text-align-center\"><a href=\"https:\/\/mediakomp.info\" target=\"_blank\" rel=\"noreferrer noopener\">www.mediakomp.info<\/a><\/h3>\n\n\n<div class=\"wp-block-image is-style-default\">\n<figure class=\"aligncenter size-medium is-resized\"><a href=\"https:\/\/mediakomp.info\/index.php\/strony-www\/strona2\/\"><img loading=\"lazy\" decoding=\"async\" width=\"300\" height=\"145\" src=\"https:\/\/mediakomp.info\/wp-content\/uploads\/2021\/05\/strona2-300x145.png\" alt=\"strona internetowa\" class=\"wp-image-260\" style=\"width:401px;height:195px\" srcset=\"https:\/\/mediakomp.info\/wp-content\/uploads\/2021\/05\/strona2-300x145.png 300w, https:\/\/mediakomp.info\/wp-content\/uploads\/2021\/05\/strona2-1024x495.png 1024w, https:\/\/mediakomp.info\/wp-content\/uploads\/2021\/05\/strona2-768x371.png 768w, https:\/\/mediakomp.info\/wp-content\/uploads\/2021\/05\/strona2-1536x743.png 1536w, https:\/\/mediakomp.info\/wp-content\/uploads\/2021\/05\/strona2.png 1903w\" sizes=\"auto, (max-width: 300px) 100vw, 300px\" \/><\/a><\/figure><\/div><\/div>\n<\/div>\n\n\n\n<h1 class=\"wp-block-heading has-text-align-center\" style=\"font-size:32px\">Potrzebujesz hosting lub domen\u0119?<\/h1>\n\n\n\n<div style=\"height:50px\" aria-hidden=\"true\" class=\"wp-block-spacer\"><\/div>\n\n\n\n<h2 class=\"wp-block-heading has-text-align-center has-medium-font-size\">Zapraszamy do skorzystania z oferty hosting\u00f3w i domen sprawdzonej firmy home.pl<\/h2>\n\n\n\n<p class=\"has-text-align-center\"><a href=\"https:\/\/marketing.tr.netsalesmedia.pl\/ts\/i5034390\/tsc?amc=con.cubegroup.506346.516919.133430&amp;rmd=3&amp;trg=http:\/\/home.pl\" target=\"_blank\" rel=\"noreferrer noopener\">Odwied\u017a Home.pl<\/a><\/p>\n\n\n\n<div style=\"height:100px\" aria-hidden=\"true\" class=\"wp-block-spacer\"><\/div>\n\n\n\n<p><\/p>\n","protected":false},"excerpt":{"rendered":"<p>Najwy\u017csza jako\u015b\u0107 Twojej strony WWW &#8211; ju\u017c od 1499 z\u0142 Specjalizujemy si\u0119 w budowaniu stron internetowych za pomoc\u0105 systemu zarz\u0105dzania tre\u015bci\u0105 WordPress. Daje to bardzo du\u017ce mo\u017cliwo\u015bci konfiguracji strony &#8211; w \u0142atwy spos\u00f3b mo\u017cna dodawa\u0107 nowe funkcjonalno\u015bci, a zarz\u0105dzanie tak\u0105 stron\u0105 jest bezproblemowe. Co wyr\u00f3\u017cnia nasze strony internetowe? Dlaczego powiniene\u015b zadba\u0107 o swoj\u0105 stron\u0119 internetow\u0105?&hellip;&nbsp;<a href=\"https:\/\/mediakomp.info\/index.php\/strony-www\/\" class=\"\" rel=\"bookmark\">Read More &raquo;<span class=\"screen-reader-text\">Strony WWW<\/span><\/a><\/p>\n","protected":false},"author":1,"featured_media":0,"parent":0,"menu_order":0,"comment_status":"closed","ping_status":"closed","template":"","meta":{"_monsterinsights_skip_tracking":false,"_monsterinsights_sitenote_active":false,"_monsterinsights_sitenote_note":"","_monsterinsights_sitenote_category":0,"neve_meta_sidebar":"default","neve_meta_container":"default","neve_meta_enable_content_width":"on","neve_meta_content_width":100,"neve_meta_title_alignment":"left","neve_meta_author_avatar":"","neve_post_elements_order":"","neve_meta_disable_header":"","neve_meta_disable_footer":"","neve_meta_disable_title":"on","footnotes":""},"class_list":["post-56","page","type-page","status-publish","hentry"],"_links":{"self":[{"href":"https:\/\/mediakomp.info\/index.php\/wp-json\/wp\/v2\/pages\/56","targetHints":{"allow":["GET"]}}],"collection":[{"href":"https:\/\/mediakomp.info\/index.php\/wp-json\/wp\/v2\/pages"}],"about":[{"href":"https:\/\/mediakomp.info\/index.php\/wp-json\/wp\/v2\/types\/page"}],"author":[{"embeddable":true,"href":"https:\/\/mediakomp.info\/index.php\/wp-json\/wp\/v2\/users\/1"}],"replies":[{"embeddable":true,"href":"https:\/\/mediakomp.info\/index.php\/wp-json\/wp\/v2\/comments?post=56"}],"version-history":[{"count":75,"href":"https:\/\/mediakomp.info\/index.php\/wp-json\/wp\/v2\/pages\/56\/revisions"}],"predecessor-version":[{"id":981,"href":"https:\/\/mediakomp.info\/index.php\/wp-json\/wp\/v2\/pages\/56\/revisions\/981"}],"wp:attachment":[{"href":"https:\/\/mediakomp.info\/index.php\/wp-json\/wp\/v2\/media?parent=56"}],"curies":[{"name":"wp","href":"https:\/\/api.w.org\/{rel}","templated":true}]}}