{"id":490,"date":"2022-09-02T20:34:22","date_gmt":"2022-09-02T18:34:22","guid":{"rendered":"https:\/\/mediakomp.info\/?page_id=490"},"modified":"2024-06-07T00:16:36","modified_gmt":"2024-06-06T22:16:36","slug":"druk-3d","status":"publish","type":"page","link":"https:\/\/mediakomp.info\/index.php\/druk-3d\/","title":{"rendered":"Druk 3D"},"content":{"rendered":"\n<div style=\"height:50px\" aria-hidden=\"true\" class=\"wp-block-spacer\"><\/div>\n\n\n\n<h1 class=\"wp-block-heading has-text-align-center has-nv-c-2-background-color has-background\" style=\"font-size:32px\">Projekt i druk 3D na zam\u00f3wienie<\/h1>\n\n\n\n<div style=\"height:25px\" aria-hidden=\"true\" class=\"wp-block-spacer\"><\/div>\n\n\n\n<h3 class=\"wp-block-heading has-text-align-center\" style=\"font-size:22px\">Kompleksowe us\u0142ugi projektowania 3D, przygotowania do druku i wydruku z materia\u0142\u00f3w PLA, PETG, TPU. Dzi\u0119ki drukowi 3D w szybki spos\u00f3b mo\u017cesz uzyska\u0107 prototyp swojego produktu. Skontaktuj si\u0119 z nami, je\u015bli potrzebujesz dorobi\u0107 plastikowy uchwyt czy cz\u0119\u015b\u0107. Projekty ju\u017c od 50 z\u0142. <\/h3>\n\n\n\n<div style=\"height:25px\" aria-hidden=\"true\" class=\"wp-block-spacer\"><\/div>\n\n\n\n<h3 class=\"wp-block-heading has-text-align-center\" style=\"font-size:22px\">Od teraz nasze wydruki i akcesoria mo\u017cna znale\u017a\u0107 na olx:<\/h3>\n\n\n\n<p class=\"has-text-align-center has-medium-font-size\"><a href=\"https:\/\/www.olx.pl\/oferty\/uzytkownik\/OSJ93\/\"><strong>https:\/\/www.olx.pl\/<\/strong><\/a><\/p>\n\n\n\n<div style=\"height:25px\" aria-hidden=\"true\" class=\"wp-block-spacer\"><\/div>\n\n\n\n<h2 class=\"wp-block-heading has-text-align-center has-nv-c-1-background-color has-background\" style=\"font-size:32px\">Nasze realizacje &#8211; projekt i druk 3D:<\/h2>\n\n\n\n<div style=\"height:25px\" aria-hidden=\"true\" class=\"wp-block-spacer\"><\/div>\n\n\n\n<div class=\"wp-block-columns is-layout-flex wp-container-core-columns-is-layout-9d6595d7 wp-block-columns-is-layout-flex\">\n<div class=\"wp-block-column is-layout-flow wp-block-column-is-layout-flow\">\n<figure class=\"wp-block-image size-large\"><img loading=\"lazy\" decoding=\"async\" width=\"1024\" height=\"768\" src=\"https:\/\/mediakomp.info\/wp-content\/uploads\/2023\/04\/DSCN4448-1024x768.jpg\" alt=\"\" class=\"wp-image-746\" srcset=\"https:\/\/mediakomp.info\/wp-content\/uploads\/2023\/04\/DSCN4448-1024x768.jpg 1024w, https:\/\/mediakomp.info\/wp-content\/uploads\/2023\/04\/DSCN4448-300x225.jpg 300w, https:\/\/mediakomp.info\/wp-content\/uploads\/2023\/04\/DSCN4448-768x576.jpg 768w, https:\/\/mediakomp.info\/wp-content\/uploads\/2023\/04\/DSCN4448.jpg 1383w\" sizes=\"auto, (max-width: 1024px) 100vw, 1024px\" \/><\/figure>\n\n\n<div class=\"wp-block-image\">\n<figure class=\"aligncenter size-large\"><a href=\"https:\/\/mediakomp.info\/wp-content\/uploads\/2023\/04\/DSCN4462.jpg\"><img loading=\"lazy\" decoding=\"async\" width=\"1024\" height=\"768\" src=\"https:\/\/mediakomp.info\/wp-content\/uploads\/2023\/04\/DSCN4462-1024x768.jpg\" alt=\"\" class=\"wp-image-747\" srcset=\"https:\/\/mediakomp.info\/wp-content\/uploads\/2023\/04\/DSCN4462-1024x768.jpg 1024w, https:\/\/mediakomp.info\/wp-content\/uploads\/2023\/04\/DSCN4462-300x225.jpg 300w, https:\/\/mediakomp.info\/wp-content\/uploads\/2023\/04\/DSCN4462-768x576.jpg 768w, https:\/\/mediakomp.info\/wp-content\/uploads\/2023\/04\/DSCN4462.jpg 1383w\" sizes=\"auto, (max-width: 1024px) 100vw, 1024px\" \/><\/a><\/figure><\/div>\n\n<div class=\"wp-block-image\">\n<figure class=\"aligncenter size-full\"><a href=\"https:\/\/mediakomp.info\/wp-content\/uploads\/2023\/03\/1_1.jpg\"><img loading=\"lazy\" decoding=\"async\" width=\"639\" height=\"456\" src=\"https:\/\/mediakomp.info\/wp-content\/uploads\/2023\/03\/1_1.jpg\" alt=\"\" class=\"wp-image-724\" srcset=\"https:\/\/mediakomp.info\/wp-content\/uploads\/2023\/03\/1_1.jpg 639w, https:\/\/mediakomp.info\/wp-content\/uploads\/2023\/03\/1_1-300x214.jpg 300w\" sizes=\"auto, (max-width: 639px) 100vw, 639px\" \/><\/a><\/figure><\/div>\n\n\n<figure class=\"wp-block-image size-large\"><a href=\"https:\/\/mediakomp.info\/wp-content\/uploads\/2023\/03\/1_2.jpg\"><img loading=\"lazy\" decoding=\"async\" width=\"1024\" height=\"630\" src=\"https:\/\/mediakomp.info\/wp-content\/uploads\/2023\/03\/1_2-1024x630.jpg\" alt=\"\" class=\"wp-image-725\" srcset=\"https:\/\/mediakomp.info\/wp-content\/uploads\/2023\/03\/1_2-1024x630.jpg 1024w, https:\/\/mediakomp.info\/wp-content\/uploads\/2023\/03\/1_2-300x184.jpg 300w, https:\/\/mediakomp.info\/wp-content\/uploads\/2023\/03\/1_2-768x472.jpg 768w, https:\/\/mediakomp.info\/wp-content\/uploads\/2023\/03\/1_2.jpg 1389w\" sizes=\"auto, (max-width: 1024px) 100vw, 1024px\" \/><\/a><\/figure>\n\n\n\n<figure class=\"wp-block-image size-large\"><a href=\"https:\/\/mediakomp.info\/wp-content\/uploads\/2023\/03\/1_3.jpg\"><img loading=\"lazy\" decoding=\"async\" width=\"1024\" height=\"768\" src=\"https:\/\/mediakomp.info\/wp-content\/uploads\/2023\/03\/1_3-1024x768.jpg\" alt=\"\" class=\"wp-image-726\" srcset=\"https:\/\/mediakomp.info\/wp-content\/uploads\/2023\/03\/1_3-1024x768.jpg 1024w, https:\/\/mediakomp.info\/wp-content\/uploads\/2023\/03\/1_3-300x225.jpg 300w, https:\/\/mediakomp.info\/wp-content\/uploads\/2023\/03\/1_3-768x576.jpg 768w, https:\/\/mediakomp.info\/wp-content\/uploads\/2023\/03\/1_3.jpg 1303w\" sizes=\"auto, (max-width: 1024px) 100vw, 1024px\" \/><\/a><\/figure>\n\n\n\n<figure class=\"wp-block-image size-large\"><img loading=\"lazy\" decoding=\"async\" width=\"1024\" height=\"768\" src=\"https:\/\/mediakomp.info\/wp-content\/uploads\/2023\/03\/3-1024x768.jpg\" alt=\"\" class=\"wp-image-723\" srcset=\"https:\/\/mediakomp.info\/wp-content\/uploads\/2023\/03\/3-1024x768.jpg 1024w, https:\/\/mediakomp.info\/wp-content\/uploads\/2023\/03\/3-300x225.jpg 300w, https:\/\/mediakomp.info\/wp-content\/uploads\/2023\/03\/3-768x576.jpg 768w, https:\/\/mediakomp.info\/wp-content\/uploads\/2023\/03\/3.jpg 1227w\" sizes=\"auto, (max-width: 1024px) 100vw, 1024px\" \/><\/figure>\n\n\n\n<figure class=\"wp-block-image size-large\"><img loading=\"lazy\" decoding=\"async\" width=\"1024\" height=\"768\" src=\"https:\/\/mediakomp.info\/wp-content\/uploads\/2023\/04\/bialarozeta.jpg\" alt=\"\" class=\"wp-image-785\" srcset=\"https:\/\/mediakomp.info\/wp-content\/uploads\/2023\/04\/bialarozeta.jpg 1024w, https:\/\/mediakomp.info\/wp-content\/uploads\/2023\/04\/bialarozeta-300x225.jpg 300w, https:\/\/mediakomp.info\/wp-content\/uploads\/2023\/04\/bialarozeta-768x576.jpg 768w\" sizes=\"auto, (max-width: 1024px) 100vw, 1024px\" \/><\/figure>\n\n\n\n<figure class=\"wp-block-image size-large\"><img loading=\"lazy\" decoding=\"async\" width=\"1024\" height=\"768\" src=\"https:\/\/mediakomp.info\/wp-content\/uploads\/2023\/04\/DSCN4468-1024x768.jpg\" alt=\"\" class=\"wp-image-782\" srcset=\"https:\/\/mediakomp.info\/wp-content\/uploads\/2023\/04\/DSCN4468-1024x768.jpg 1024w, https:\/\/mediakomp.info\/wp-content\/uploads\/2023\/04\/DSCN4468-300x225.jpg 300w, https:\/\/mediakomp.info\/wp-content\/uploads\/2023\/04\/DSCN4468-768x576.jpg 768w, https:\/\/mediakomp.info\/wp-content\/uploads\/2023\/04\/DSCN4468.jpg 1383w\" sizes=\"auto, (max-width: 1024px) 100vw, 1024px\" \/><\/figure>\n\n\n<\/div>\n\n\n\n<div class=\"wp-block-column is-layout-flow wp-block-column-is-layout-flow\">\n<figure class=\"wp-block-image size-large\"><img loading=\"lazy\" decoding=\"async\" width=\"1024\" height=\"768\" src=\"https:\/\/mediakomp.info\/wp-content\/uploads\/2023\/04\/DSCN4471-1024x768.jpg\" alt=\"\" class=\"wp-image-778\" srcset=\"https:\/\/mediakomp.info\/wp-content\/uploads\/2023\/04\/DSCN4471-1024x768.jpg 1024w, https:\/\/mediakomp.info\/wp-content\/uploads\/2023\/04\/DSCN4471-300x225.jpg 300w, https:\/\/mediakomp.info\/wp-content\/uploads\/2023\/04\/DSCN4471-768x576.jpg 768w, https:\/\/mediakomp.info\/wp-content\/uploads\/2023\/04\/DSCN4471.jpg 1383w\" sizes=\"auto, (max-width: 1024px) 100vw, 1024px\" \/><\/figure>\n\n\n<div class=\"wp-block-image\">\n<figure class=\"aligncenter size-large\"><a href=\"https:\/\/mediakomp.info\/wp-content\/uploads\/2023\/04\/DSCN4469.jpg\"><img loading=\"lazy\" decoding=\"async\" width=\"1024\" height=\"768\" src=\"https:\/\/mediakomp.info\/wp-content\/uploads\/2023\/04\/DSCN4469-1024x768.jpg\" alt=\"\" class=\"wp-image-777\" srcset=\"https:\/\/mediakomp.info\/wp-content\/uploads\/2023\/04\/DSCN4469-1024x768.jpg 1024w, https:\/\/mediakomp.info\/wp-content\/uploads\/2023\/04\/DSCN4469-300x225.jpg 300w, https:\/\/mediakomp.info\/wp-content\/uploads\/2023\/04\/DSCN4469-768x576.jpg 768w, https:\/\/mediakomp.info\/wp-content\/uploads\/2023\/04\/DSCN4469.jpg 1383w\" sizes=\"auto, (max-width: 1024px) 100vw, 1024px\" \/><\/a><\/figure><\/div>\n\n<div class=\"wp-block-image\">\n<figure class=\"aligncenter size-large\"><a href=\"https:\/\/mediakomp.info\/wp-content\/uploads\/2023\/04\/efekttalerz.jpg\"><img loading=\"lazy\" decoding=\"async\" width=\"1024\" height=\"572\" src=\"https:\/\/mediakomp.info\/wp-content\/uploads\/2023\/04\/efekttalerz-1024x572.jpg\" alt=\"\" class=\"wp-image-800\" srcset=\"https:\/\/mediakomp.info\/wp-content\/uploads\/2023\/04\/efekttalerz-1024x572.jpg 1024w, https:\/\/mediakomp.info\/wp-content\/uploads\/2023\/04\/efekttalerz-300x167.jpg 300w, https:\/\/mediakomp.info\/wp-content\/uploads\/2023\/04\/efekttalerz-768x429.jpg 768w, https:\/\/mediakomp.info\/wp-content\/uploads\/2023\/04\/efekttalerz-1536x857.jpg 1536w, https:\/\/mediakomp.info\/wp-content\/uploads\/2023\/04\/efekttalerz.jpg 1935w\" sizes=\"auto, (max-width: 1024px) 100vw, 1024px\" \/><\/a><\/figure><\/div>\n\n\n<figure class=\"wp-block-image size-large\"><a href=\"https:\/\/mediakomp.info\/wp-content\/uploads\/2023\/04\/Post-scaled.jpg\"><img loading=\"lazy\" decoding=\"async\" width=\"1024\" height=\"512\" src=\"https:\/\/mediakomp.info\/wp-content\/uploads\/2023\/04\/Post-1024x512.jpg\" alt=\"\" class=\"wp-image-799\" srcset=\"https:\/\/mediakomp.info\/wp-content\/uploads\/2023\/04\/Post-1024x512.jpg 1024w, https:\/\/mediakomp.info\/wp-content\/uploads\/2023\/04\/Post-300x150.jpg 300w, https:\/\/mediakomp.info\/wp-content\/uploads\/2023\/04\/Post-768x384.jpg 768w, https:\/\/mediakomp.info\/wp-content\/uploads\/2023\/04\/Post-1536x768.jpg 1536w, https:\/\/mediakomp.info\/wp-content\/uploads\/2023\/04\/Post-2048x1024.jpg 2048w\" sizes=\"auto, (max-width: 1024px) 100vw, 1024px\" \/><\/a><\/figure>\n\n\n\n<figure class=\"wp-block-image size-large\"><img loading=\"lazy\" decoding=\"async\" width=\"1024\" height=\"816\" src=\"https:\/\/mediakomp.info\/wp-content\/uploads\/2023\/04\/post_2-1024x816.jpg\" alt=\"\" class=\"wp-image-798\" srcset=\"https:\/\/mediakomp.info\/wp-content\/uploads\/2023\/04\/post_2-1024x816.jpg 1024w, https:\/\/mediakomp.info\/wp-content\/uploads\/2023\/04\/post_2-300x239.jpg 300w, https:\/\/mediakomp.info\/wp-content\/uploads\/2023\/04\/post_2-768x612.jpg 768w, https:\/\/mediakomp.info\/wp-content\/uploads\/2023\/04\/post_2-1536x1224.jpg 1536w, https:\/\/mediakomp.info\/wp-content\/uploads\/2023\/04\/post_2-2048x1632.jpg 2048w\" sizes=\"auto, (max-width: 1024px) 100vw, 1024px\" \/><\/figure>\n\n\n\n<figure class=\"wp-block-image size-large\"><img loading=\"lazy\" decoding=\"async\" width=\"868\" height=\"1024\" src=\"https:\/\/mediakomp.info\/wp-content\/uploads\/2023\/04\/efekttalerz3-868x1024.jpg\" alt=\"\" class=\"wp-image-802\" srcset=\"https:\/\/mediakomp.info\/wp-content\/uploads\/2023\/04\/efekttalerz3-868x1024.jpg 868w, https:\/\/mediakomp.info\/wp-content\/uploads\/2023\/04\/efekttalerz3-254x300.jpg 254w, https:\/\/mediakomp.info\/wp-content\/uploads\/2023\/04\/efekttalerz3-768x907.jpg 768w, https:\/\/mediakomp.info\/wp-content\/uploads\/2023\/04\/efekttalerz3-1301x1536.jpg 1301w, https:\/\/mediakomp.info\/wp-content\/uploads\/2023\/04\/efekttalerz3.jpg 1536w\" sizes=\"auto, (max-width: 868px) 100vw, 868px\" \/><\/figure>\n\n\n\n<figure class=\"wp-block-image size-large\"><img loading=\"lazy\" decoding=\"async\" width=\"1024\" height=\"538\" src=\"https:\/\/mediakomp.info\/wp-content\/uploads\/2022\/10\/Projekt_1-1024x538.jpg\" alt=\"\" class=\"wp-image-543\" srcset=\"https:\/\/mediakomp.info\/wp-content\/uploads\/2022\/10\/Projekt_1-1024x538.jpg 1024w, https:\/\/mediakomp.info\/wp-content\/uploads\/2022\/10\/Projekt_1-300x158.jpg 300w, https:\/\/mediakomp.info\/wp-content\/uploads\/2022\/10\/Projekt_1-768x403.jpg 768w, https:\/\/mediakomp.info\/wp-content\/uploads\/2022\/10\/Projekt_1.jpg 1371w\" sizes=\"auto, (max-width: 1024px) 100vw, 1024px\" \/><\/figure>\n\n\n\n<figure class=\"wp-block-image size-large\"><img loading=\"lazy\" decoding=\"async\" width=\"1024\" height=\"538\" src=\"https:\/\/mediakomp.info\/wp-content\/uploads\/2022\/10\/Projekt_2-1024x538.jpg\" alt=\"\" class=\"wp-image-545\" srcset=\"https:\/\/mediakomp.info\/wp-content\/uploads\/2022\/10\/Projekt_2-1024x538.jpg 1024w, https:\/\/mediakomp.info\/wp-content\/uploads\/2022\/10\/Projekt_2-300x158.jpg 300w, https:\/\/mediakomp.info\/wp-content\/uploads\/2022\/10\/Projekt_2-768x403.jpg 768w, https:\/\/mediakomp.info\/wp-content\/uploads\/2022\/10\/Projekt_2.jpg 1371w\" sizes=\"auto, (max-width: 1024px) 100vw, 1024px\" \/><\/figure>\n<\/div>\n\n\n\n<div class=\"wp-block-column is-layout-flow wp-block-column-is-layout-flow\"><div class=\"wp-block-image\">\n<figure class=\"aligncenter size-large is-resized\"><a href=\"https:\/\/mediakomp.info\/wp-content\/uploads\/2022\/10\/Projekt_3.jpg\"><img loading=\"lazy\" decoding=\"async\" width=\"1024\" height=\"547\" src=\"https:\/\/mediakomp.info\/wp-content\/uploads\/2022\/10\/Projekt_3-1024x547.jpg\" alt=\"\" class=\"wp-image-546\" style=\"aspect-ratio:4\/3;object-fit:contain;width:370px;height:auto\" srcset=\"https:\/\/mediakomp.info\/wp-content\/uploads\/2022\/10\/Projekt_3-1024x547.jpg 1024w, https:\/\/mediakomp.info\/wp-content\/uploads\/2022\/10\/Projekt_3-300x160.jpg 300w, https:\/\/mediakomp.info\/wp-content\/uploads\/2022\/10\/Projekt_3-768x411.jpg 768w, https:\/\/mediakomp.info\/wp-content\/uploads\/2022\/10\/Projekt_3.jpg 1347w\" sizes=\"auto, (max-width: 1024px) 100vw, 1024px\" \/><\/a><\/figure><\/div>\n\n<div class=\"wp-block-image\">\n<figure class=\"aligncenter size-full is-resized\"><a href=\"https:\/\/mediakomp.info\/wp-content\/uploads\/2022\/10\/Projekt_5.jpg\"><img loading=\"lazy\" decoding=\"async\" width=\"540\" height=\"720\" src=\"https:\/\/mediakomp.info\/wp-content\/uploads\/2022\/10\/Projekt_5.jpg\" alt=\"\" class=\"wp-image-548\" style=\"aspect-ratio:4\/3;object-fit:cover;width:304px;height:auto\" srcset=\"https:\/\/mediakomp.info\/wp-content\/uploads\/2022\/10\/Projekt_5.jpg 540w, https:\/\/mediakomp.info\/wp-content\/uploads\/2022\/10\/Projekt_5-225x300.jpg 225w\" sizes=\"auto, (max-width: 540px) 100vw, 540px\" \/><\/a><\/figure><\/div>\n\n\n<figure class=\"wp-block-image size-large\"><a href=\"https:\/\/mediakomp.info\/wp-content\/uploads\/2022\/10\/Projekt_6.jpg\"><img loading=\"lazy\" decoding=\"async\" width=\"960\" height=\"720\" src=\"https:\/\/mediakomp.info\/wp-content\/uploads\/2022\/10\/Projekt_6.jpg\" alt=\"\" class=\"wp-image-549\" srcset=\"https:\/\/mediakomp.info\/wp-content\/uploads\/2022\/10\/Projekt_6.jpg 960w, https:\/\/mediakomp.info\/wp-content\/uploads\/2022\/10\/Projekt_6-300x225.jpg 300w, https:\/\/mediakomp.info\/wp-content\/uploads\/2022\/10\/Projekt_6-768x576.jpg 768w\" sizes=\"auto, (max-width: 960px) 100vw, 960px\" \/><\/a><\/figure>\n\n\n\n<figure class=\"wp-block-image size-full\"><a href=\"https:\/\/mediakomp.info\/wp-content\/uploads\/2023\/04\/pieczatki.jpg\"><img loading=\"lazy\" decoding=\"async\" width=\"690\" height=\"688\" src=\"https:\/\/mediakomp.info\/wp-content\/uploads\/2023\/04\/pieczatki.jpg\" alt=\"\" class=\"wp-image-797\" srcset=\"https:\/\/mediakomp.info\/wp-content\/uploads\/2023\/04\/pieczatki.jpg 690w, https:\/\/mediakomp.info\/wp-content\/uploads\/2023\/04\/pieczatki-300x300.jpg 300w, https:\/\/mediakomp.info\/wp-content\/uploads\/2023\/04\/pieczatki-150x150.jpg 150w\" sizes=\"auto, (max-width: 690px) 100vw, 690px\" \/><\/a><\/figure>\n\n\n\n<figure class=\"wp-block-image size-large\"><img loading=\"lazy\" decoding=\"async\" width=\"1024\" height=\"1024\" src=\"https:\/\/mediakomp.info\/wp-content\/uploads\/2023\/05\/Post_uchwyt-1024x1024.jpg\" alt=\"\" class=\"wp-image-856\" srcset=\"https:\/\/mediakomp.info\/wp-content\/uploads\/2023\/05\/Post_uchwyt-1024x1024.jpg 1024w, https:\/\/mediakomp.info\/wp-content\/uploads\/2023\/05\/Post_uchwyt-300x300.jpg 300w, https:\/\/mediakomp.info\/wp-content\/uploads\/2023\/05\/Post_uchwyt-150x150.jpg 150w, https:\/\/mediakomp.info\/wp-content\/uploads\/2023\/05\/Post_uchwyt-768x768.jpg 768w, https:\/\/mediakomp.info\/wp-content\/uploads\/2023\/05\/Post_uchwyt-1536x1536.jpg 1536w, https:\/\/mediakomp.info\/wp-content\/uploads\/2023\/05\/Post_uchwyt.jpg 2048w\" sizes=\"auto, (max-width: 1024px) 100vw, 1024px\" \/><\/figure>\n\n\n\n<figure class=\"wp-block-image size-large\"><img loading=\"lazy\" decoding=\"async\" width=\"1024\" height=\"1024\" src=\"https:\/\/mediakomp.info\/wp-content\/uploads\/2023\/06\/Uchwyt_roman-1024x1024.jpg\" alt=\"\" class=\"wp-image-872\" srcset=\"https:\/\/mediakomp.info\/wp-content\/uploads\/2023\/06\/Uchwyt_roman-1024x1024.jpg 1024w, https:\/\/mediakomp.info\/wp-content\/uploads\/2023\/06\/Uchwyt_roman-300x300.jpg 300w, https:\/\/mediakomp.info\/wp-content\/uploads\/2023\/06\/Uchwyt_roman-150x150.jpg 150w, https:\/\/mediakomp.info\/wp-content\/uploads\/2023\/06\/Uchwyt_roman-768x768.jpg 768w, https:\/\/mediakomp.info\/wp-content\/uploads\/2023\/06\/Uchwyt_roman.jpg 1080w\" sizes=\"auto, (max-width: 1024px) 100vw, 1024px\" \/><\/figure>\n\n\n\n<figure class=\"wp-block-image size-large\"><img loading=\"lazy\" decoding=\"async\" width=\"1024\" height=\"768\" src=\"https:\/\/mediakomp.info\/wp-content\/uploads\/2023\/06\/Scisk_stolarski_katowy_2-1024x768.jpg\" alt=\"\" class=\"wp-image-869\" srcset=\"https:\/\/mediakomp.info\/wp-content\/uploads\/2023\/06\/Scisk_stolarski_katowy_2-1024x768.jpg 1024w, https:\/\/mediakomp.info\/wp-content\/uploads\/2023\/06\/Scisk_stolarski_katowy_2-300x225.jpg 300w, https:\/\/mediakomp.info\/wp-content\/uploads\/2023\/06\/Scisk_stolarski_katowy_2-768x576.jpg 768w, https:\/\/mediakomp.info\/wp-content\/uploads\/2023\/06\/Scisk_stolarski_katowy_2.jpg 1383w\" sizes=\"auto, (max-width: 1024px) 100vw, 1024px\" \/><\/figure>\n\n\n\n<figure class=\"wp-block-image size-large\"><img loading=\"lazy\" decoding=\"async\" width=\"1024\" height=\"768\" src=\"https:\/\/mediakomp.info\/wp-content\/uploads\/2023\/06\/Scisk_stolarski_katowy_3-1024x768.jpg\" alt=\"\" class=\"wp-image-870\" srcset=\"https:\/\/mediakomp.info\/wp-content\/uploads\/2023\/06\/Scisk_stolarski_katowy_3-1024x768.jpg 1024w, https:\/\/mediakomp.info\/wp-content\/uploads\/2023\/06\/Scisk_stolarski_katowy_3-300x225.jpg 300w, https:\/\/mediakomp.info\/wp-content\/uploads\/2023\/06\/Scisk_stolarski_katowy_3-768x576.jpg 768w, https:\/\/mediakomp.info\/wp-content\/uploads\/2023\/06\/Scisk_stolarski_katowy_3.jpg 1383w\" sizes=\"auto, (max-width: 1024px) 100vw, 1024px\" \/><\/figure>\n<\/div>\n<\/div>\n\n\n\n<div style=\"height:25px\" aria-hidden=\"true\" class=\"wp-block-spacer\"><\/div>\n\n\n\n<h2 class=\"wp-block-heading has-text-align-center has-nv-c-2-background-color has-background\" style=\"font-size:32px\">Akcesoria do ceramiki:<\/h2>\n\n\n\n<div style=\"height:25px\" aria-hidden=\"true\" class=\"wp-block-spacer\"><\/div>\n\n\n\n<h3 class=\"wp-block-heading has-text-align-center\" style=\"font-size:22px\">Wsp\u00f3\u0142pracujemy z pracowni\u0105 ceramiki Ale dzban! &#8211; dotychczas wykonali\u015bmy dla nich wiele akcesori\u00f3w, takich jak stemple, talerzyki, wzory. Obecnie pracujemy nad wykonaniem form oraz roler\u00f3w ze wzorami. Jeste\u015bmy elastyczni &#8211; mo\u017cemy wykona\u0107 stempel na podstawie Twojego projektu, albo stworzy\u0107 wz\u00f3r na podstawie opisu. Ka\u017cdy przedmiot mo\u017cemy wykona\u0107 w r\u00f3\u017cnych kolorach, mo\u017ce by\u0107 spersonalizowany na ka\u017cdy spos\u00f3b, jaki \u017cyczy sobie klient. Wi\u0119kszo\u015b\u0107 produkt\u00f3w wykonujemy z polimeru PLA &#8211; jest biodegradowalny, wystarczaj\u0105co wytrzyma\u0142y i stosunkowo tani w por\u00f3wnaniu do innych tworzyw. <\/h3>\n\n\n\n<h3 class=\"wp-block-heading has-text-align-center\" style=\"font-size:22px\">Zapraszamy do kontaktu!<\/h3>\n\n\n\n<div style=\"height:25px\" aria-hidden=\"true\" class=\"wp-block-spacer\"><\/div>\n\n\n\n<p class=\"has-nv-c-1-background-color has-background\" style=\"font-size:22px\"><a href=\"https:\/\/www.olx.pl\/oferty\/uzytkownik\/OSJ93\/\" target=\"_blank\" rel=\"noreferrer noopener\">Nasze akcesoria w ofercie na OLX<\/a><\/p>\n","protected":false},"excerpt":{"rendered":"<p>Projekt i druk 3D na zam\u00f3wienie Kompleksowe us\u0142ugi projektowania 3D, przygotowania do druku i wydruku z materia\u0142\u00f3w PLA, PETG, TPU. Dzi\u0119ki drukowi 3D w szybki spos\u00f3b mo\u017cesz uzyska\u0107 prototyp swojego produktu. Skontaktuj si\u0119 z nami, je\u015bli potrzebujesz dorobi\u0107 plastikowy uchwyt czy cz\u0119\u015b\u0107. Projekty ju\u017c od 50 z\u0142. Od teraz nasze wydruki i akcesoria mo\u017cna znale\u017a\u0107&hellip;&nbsp;<a href=\"https:\/\/mediakomp.info\/index.php\/druk-3d\/\" class=\"\" rel=\"bookmark\">Read More &raquo;<span class=\"screen-reader-text\">Druk 3D<\/span><\/a><\/p>\n","protected":false},"author":1,"featured_media":0,"parent":0,"menu_order":0,"comment_status":"closed","ping_status":"closed","template":"","meta":{"_monsterinsights_skip_tracking":false,"_monsterinsights_sitenote_active":false,"_monsterinsights_sitenote_note":"","_monsterinsights_sitenote_category":0,"neve_meta_sidebar":"full-width","neve_meta_container":"","neve_meta_enable_content_width":"on","neve_meta_content_width":100,"neve_meta_title_alignment":"","neve_meta_author_avatar":"","neve_post_elements_order":"","neve_meta_disable_header":"","neve_meta_disable_footer":"","neve_meta_disable_title":"on","footnotes":""},"class_list":["post-490","page","type-page","status-publish","hentry"],"_links":{"self":[{"href":"https:\/\/mediakomp.info\/index.php\/wp-json\/wp\/v2\/pages\/490","targetHints":{"allow":["GET"]}}],"collection":[{"href":"https:\/\/mediakomp.info\/index.php\/wp-json\/wp\/v2\/pages"}],"about":[{"href":"https:\/\/mediakomp.info\/index.php\/wp-json\/wp\/v2\/types\/page"}],"author":[{"embeddable":true,"href":"https:\/\/mediakomp.info\/index.php\/wp-json\/wp\/v2\/users\/1"}],"replies":[{"embeddable":true,"href":"https:\/\/mediakomp.info\/index.php\/wp-json\/wp\/v2\/comments?post=490"}],"version-history":[{"count":44,"href":"https:\/\/mediakomp.info\/index.php\/wp-json\/wp\/v2\/pages\/490\/revisions"}],"predecessor-version":[{"id":983,"href":"https:\/\/mediakomp.info\/index.php\/wp-json\/wp\/v2\/pages\/490\/revisions\/983"}],"wp:attachment":[{"href":"https:\/\/mediakomp.info\/index.php\/wp-json\/wp\/v2\/media?parent=490"}],"curies":[{"name":"wp","href":"https:\/\/api.w.org\/{rel}","templated":true}]}}