{"id":452,"date":"2022-04-12T11:54:59","date_gmt":"2022-04-12T09:54:59","guid":{"rendered":"https:\/\/mediakomp.info\/?page_id=452"},"modified":"2023-02-27T09:30:50","modified_gmt":"2023-02-27T08:30:50","slug":"bebok-invasion-pc-xboxone-xboxseries","status":"publish","type":"page","link":"https:\/\/mediakomp.info\/index.php\/bebok-invasion-pc-xboxone-xboxseries\/","title":{"rendered":"Bebok Invasion (PC\/XboxOne\/XboxSeries)"},"content":{"rendered":"\n<div style=\"height:100px\" aria-hidden=\"true\" class=\"wp-block-spacer\"><\/div>\n\n\n\n<h3 class=\"has-text-align-center wp-block-heading\" id=\"block-5c5a8d31-322e-4e68-86e9-8f869f6fa1ab\"><br><\/h3>\n\n\n\n<h3 class=\"wp-block-heading\">W grze Bebok Invasion znajdujesz si\u0119 w \u015brodku kosmicznej inwazji i musisz walczy\u0107 z hordami wrogich bebok\u00f3w. To retro strzelanka, kt\u00f3ra zabierze ci\u0119 w nostalgiczne czasy klasycznych gier arcade. Gra oferuje a\u017c 54 r\u00f3\u017cne mapy, podzielone na 6 rozdzia\u0142\u00f3w, co oznacza, \u017ce czeka na ciebie wiele godzin zabawy. Ka\u017cda z map oferuje unikalne wyzwania.<\/h3>\n\n\n\n<div style=\"height:30px\" aria-hidden=\"true\" class=\"wp-block-spacer\"><\/div>\n\n\n\n<figure class=\"wp-block-image size-large\" id=\"block-bba915f4-c9fd-4999-91f6-87a2d4b89e1e\"><img loading=\"lazy\" decoding=\"async\" width=\"1024\" height=\"576\" src=\"https:\/\/mediakomp.info\/wp-content\/uploads\/2022\/04\/2022-04-11-10-36-48-1024x576.png\" alt=\"\" class=\"wp-image-466\" srcset=\"https:\/\/mediakomp.info\/wp-content\/uploads\/2022\/04\/2022-04-11-10-36-48-1024x576.png 1024w, https:\/\/mediakomp.info\/wp-content\/uploads\/2022\/04\/2022-04-11-10-36-48-300x169.png 300w, https:\/\/mediakomp.info\/wp-content\/uploads\/2022\/04\/2022-04-11-10-36-48-768x432.png 768w, https:\/\/mediakomp.info\/wp-content\/uploads\/2022\/04\/2022-04-11-10-36-48-1536x864.png 1536w, https:\/\/mediakomp.info\/wp-content\/uploads\/2022\/04\/2022-04-11-10-36-48.png 1920w\" sizes=\"auto, (max-width: 1024px) 100vw, 1024px\" \/><\/figure>\n\n\n\n<div style=\"height:30px\" aria-hidden=\"true\" class=\"wp-block-spacer\"><\/div>\n\n\n\n<h3 class=\"has-text-align-center wp-block-heading\" id=\"block-8269177b-ff79-4eef-a99a-a996cae8b6aa\">Walczymy z kosmitami i pr\u00f3bujemy przej\u015b\u0107 do nast\u0119pnego etapu u\u017cywaj\u0105c r\u00f3\u017cnych umiej\u0119tno\u015bci.<\/h3>\n\n\n\n<div style=\"height:30px\" aria-hidden=\"true\" class=\"wp-block-spacer\"><\/div>\n\n\n\n<figure class=\"wp-block-image size-large\" id=\"block-591905b8-306b-4485-bca8-a4266142835a\"><img loading=\"lazy\" decoding=\"async\" width=\"1024\" height=\"576\" src=\"https:\/\/mediakomp.info\/wp-content\/uploads\/2022\/04\/2022-04-11-10-33-22-1024x576.png\" alt=\"\" class=\"wp-image-462\" srcset=\"https:\/\/mediakomp.info\/wp-content\/uploads\/2022\/04\/2022-04-11-10-33-22-1024x576.png 1024w, https:\/\/mediakomp.info\/wp-content\/uploads\/2022\/04\/2022-04-11-10-33-22-300x169.png 300w, https:\/\/mediakomp.info\/wp-content\/uploads\/2022\/04\/2022-04-11-10-33-22-768x432.png 768w, https:\/\/mediakomp.info\/wp-content\/uploads\/2022\/04\/2022-04-11-10-33-22-1536x864.png 1536w, https:\/\/mediakomp.info\/wp-content\/uploads\/2022\/04\/2022-04-11-10-33-22.png 1920w\" sizes=\"auto, (max-width: 1024px) 100vw, 1024px\" \/><\/figure>\n\n\n\n<div style=\"height:30px\" aria-hidden=\"true\" class=\"wp-block-spacer\"><\/div>\n\n\n\n<h3 class=\"has-text-align-center wp-block-heading\" id=\"block-7af0133f-e8b1-4750-b420-50cb9137c495\">Na gracza czekaj\u0105 54 poziomy.<\/h3>\n\n\n\n<div style=\"height:30px\" aria-hidden=\"true\" class=\"wp-block-spacer\"><\/div>\n\n\n\n<figure class=\"wp-block-image size-large\" id=\"block-f7d1ca61-55a3-4dbe-8b26-4f195be87823\"><img loading=\"lazy\" decoding=\"async\" width=\"1024\" height=\"576\" src=\"https:\/\/mediakomp.info\/wp-content\/uploads\/2022\/04\/2022-04-11-10-50-36-1024x576.png\" alt=\"\" class=\"wp-image-459\" srcset=\"https:\/\/mediakomp.info\/wp-content\/uploads\/2022\/04\/2022-04-11-10-50-36-1024x576.png 1024w, https:\/\/mediakomp.info\/wp-content\/uploads\/2022\/04\/2022-04-11-10-50-36-300x169.png 300w, https:\/\/mediakomp.info\/wp-content\/uploads\/2022\/04\/2022-04-11-10-50-36-768x432.png 768w, https:\/\/mediakomp.info\/wp-content\/uploads\/2022\/04\/2022-04-11-10-50-36-1536x864.png 1536w, https:\/\/mediakomp.info\/wp-content\/uploads\/2022\/04\/2022-04-11-10-50-36.png 1920w\" sizes=\"auto, (max-width: 1024px) 100vw, 1024px\" \/><\/figure>\n\n\n\n<div style=\"height:30px\" aria-hidden=\"true\" class=\"wp-block-spacer\"><\/div>\n\n\n\n<h3 class=\"has-text-align-center wp-block-heading\" id=\"block-6afd5076-fc96-4070-897b-4114edb38d0d\">W trakcie gry gracz mo\u017ce korzysta\u0107 z r\u00f3\u017cnych umiej\u0119tno\u015bci:<\/h3>\n\n\n\n<h3 class=\"has-text-align-center wp-block-heading\" id=\"block-d9a1505d-7b19-4efa-9a50-de6e51bfa6d4\">&#8211; czo\u0142ganie si\u0119<\/h3>\n\n\n\n<h3 class=\"has-text-align-center wp-block-heading\" id=\"block-42d37b60-a0b2-4783-8f1f-371b7d04cbf1\">&#8211; skakanie po \u015bcianach<\/h3>\n\n\n\n<h3 class=\"has-text-align-center wp-block-heading\" id=\"block-feee6dad-9e71-4dbf-96ca-2badeeb725c1\">&#8211; dash jump<\/h3>\n\n\n\n<h3 class=\"has-text-align-center wp-block-heading\" id=\"block-64920c1e-3696-4c81-a7c1-3ceed22f2575\">&#8211; chodzenie po \u015bcianach<\/h3>\n\n\n\n<div style=\"height:30px\" aria-hidden=\"true\" class=\"wp-block-spacer\"><\/div>\n\n\n\n<figure class=\"wp-block-image size-large\" id=\"block-264efe45-80c8-4794-839f-848d9f8966d9\"><img loading=\"lazy\" decoding=\"async\" width=\"1024\" height=\"576\" src=\"https:\/\/mediakomp.info\/wp-content\/uploads\/2022\/04\/2022-04-11-10-40-55-1024x576.png\" alt=\"\" class=\"wp-image-453\" srcset=\"https:\/\/mediakomp.info\/wp-content\/uploads\/2022\/04\/2022-04-11-10-40-55-1024x576.png 1024w, https:\/\/mediakomp.info\/wp-content\/uploads\/2022\/04\/2022-04-11-10-40-55-300x169.png 300w, https:\/\/mediakomp.info\/wp-content\/uploads\/2022\/04\/2022-04-11-10-40-55-768x432.png 768w, https:\/\/mediakomp.info\/wp-content\/uploads\/2022\/04\/2022-04-11-10-40-55-1536x864.png 1536w, https:\/\/mediakomp.info\/wp-content\/uploads\/2022\/04\/2022-04-11-10-40-55.png 1920w\" sizes=\"auto, (max-width: 1024px) 100vw, 1024px\" \/><\/figure>\n\n\n\n<div style=\"height:30px\" aria-hidden=\"true\" class=\"wp-block-spacer\"><\/div>\n\n\n\n<h3 class=\"has-text-align-center wp-block-heading\" id=\"block-e58786df-2740-4630-815d-4f1394fdfe56\">Gra dost\u0119pna jest na platformy Xbox One\/Series oraz PC <\/h3>\n\n\n\n<div style=\"height:30px\" aria-hidden=\"true\" class=\"wp-block-spacer\"><\/div>\n\n\n\n<h2 class=\"wp-block-heading\" id=\"block-8daf0592-94e5-42af-a543-15ed155846ba\"><a href=\"https:\/\/www.xbox.com\/pl-pl\/games\/store\/beboks-invasion-alien-shooter\/9nmsm9fhgqx4?rtc=1\" target=\"_blank\" rel=\"noreferrer noopener\">Link do sklepu Microsoft Store<\/a><\/h2>\n\n\n\n<h2 class=\"wp-block-heading\"><a href=\"https:\/\/store.steampowered.com\/app\/2200930\/Bebok_Invasion\/\" target=\"_blank\" rel=\"noreferrer noopener\" title=\"Link do Steama\">Link do Steama<\/a><\/h2>\n\n\n\n<div style=\"height:30px\" aria-hidden=\"true\" class=\"wp-block-spacer\"><\/div>\n\n\n\n<figure class=\"wp-block-embed is-type-video is-provider-youtube wp-block-embed-youtube wp-embed-aspect-16-9 wp-has-aspect-ratio\"><div class=\"wp-block-embed__wrapper\">\n<div class=\"nv-iframe-embed\"><iframe loading=\"lazy\" title=\"Bebok Invasion gameplay\" width=\"1200\" height=\"675\" src=\"https:\/\/www.youtube.com\/embed\/69pbrqX4FFE?feature=oembed\" frameborder=\"0\" allow=\"accelerometer; autoplay; clipboard-write; encrypted-media; gyroscope; picture-in-picture; web-share\" allowfullscreen><\/iframe><\/div>\n<\/div><\/figure>\n","protected":false},"excerpt":{"rendered":"<p>W grze Bebok Invasion znajdujesz si\u0119 w \u015brodku kosmicznej inwazji i musisz walczy\u0107 z hordami wrogich bebok\u00f3w. To retro strzelanka, kt\u00f3ra zabierze ci\u0119 w nostalgiczne czasy klasycznych gier arcade. Gra oferuje a\u017c 54 r\u00f3\u017cne mapy, podzielone na 6 rozdzia\u0142\u00f3w, co oznacza, \u017ce czeka na ciebie wiele godzin zabawy. Ka\u017cda z map oferuje unikalne wyzwania. Walczymy&hellip;&nbsp;<a href=\"https:\/\/mediakomp.info\/index.php\/bebok-invasion-pc-xboxone-xboxseries\/\" class=\"\" rel=\"bookmark\">Read More &raquo;<span class=\"screen-reader-text\">Bebok Invasion (PC\/XboxOne\/XboxSeries)<\/span><\/a><\/p>\n","protected":false},"author":1,"featured_media":0,"parent":0,"menu_order":0,"comment_status":"closed","ping_status":"closed","template":"","meta":{"_monsterinsights_skip_tracking":false,"_monsterinsights_sitenote_active":false,"_monsterinsights_sitenote_note":"","_monsterinsights_sitenote_category":0,"neve_meta_sidebar":"full-width","neve_meta_container":"","neve_meta_enable_content_width":"on","neve_meta_content_width":100,"neve_meta_title_alignment":"center","neve_meta_author_avatar":"","neve_post_elements_order":"","neve_meta_disable_header":"off","neve_meta_disable_footer":"","neve_meta_disable_title":"on","footnotes":""},"class_list":["post-452","page","type-page","status-publish","hentry"],"_links":{"self":[{"href":"https:\/\/mediakomp.info\/index.php\/wp-json\/wp\/v2\/pages\/452","targetHints":{"allow":["GET"]}}],"collection":[{"href":"https:\/\/mediakomp.info\/index.php\/wp-json\/wp\/v2\/pages"}],"about":[{"href":"https:\/\/mediakomp.info\/index.php\/wp-json\/wp\/v2\/types\/page"}],"author":[{"embeddable":true,"href":"https:\/\/mediakomp.info\/index.php\/wp-json\/wp\/v2\/users\/1"}],"replies":[{"embeddable":true,"href":"https:\/\/mediakomp.info\/index.php\/wp-json\/wp\/v2\/comments?post=452"}],"version-history":[{"count":4,"href":"https:\/\/mediakomp.info\/index.php\/wp-json\/wp\/v2\/pages\/452\/revisions"}],"predecessor-version":[{"id":709,"href":"https:\/\/mediakomp.info\/index.php\/wp-json\/wp\/v2\/pages\/452\/revisions\/709"}],"wp:attachment":[{"href":"https:\/\/mediakomp.info\/index.php\/wp-json\/wp\/v2\/media?parent=452"}],"curies":[{"name":"wp","href":"https:\/\/api.w.org\/{rel}","templated":true}]}}