{"id":438,"date":"2022-03-20T15:47:54","date_gmt":"2022-03-20T14:47:54","guid":{"rendered":"https:\/\/mediakomp.info\/?page_id=438"},"modified":"2022-03-20T15:49:56","modified_gmt":"2022-03-20T14:49:56","slug":"christmas-fever-pc-xboxone-xboxseries","status":"publish","type":"page","link":"https:\/\/mediakomp.info\/index.php\/christmas-fever-pc-xboxone-xboxseries\/","title":{"rendered":"Christmas Fever (PC\/XboxOne\/XboxSeries)"},"content":{"rendered":"\n<div style=\"height:100px\" aria-hidden=\"true\" class=\"wp-block-spacer\"><\/div>\n\n\n\n<h3 class=\"has-text-align-center wp-block-heading\">Christmas Fever! to klasyczna platform\u00f3wka 2D o tematyce \u015bwi\u0105tecznej. <\/h3>\n\n\n\n<div style=\"height:30px\" aria-hidden=\"true\" class=\"wp-block-spacer\"><\/div>\n\n\n\n<div class=\"wp-block-image\"><figure class=\"aligncenter size-large\"><img loading=\"lazy\" decoding=\"async\" width=\"1024\" height=\"576\" src=\"https:\/\/mediakomp.info\/wp-content\/uploads\/2021\/05\/2020-11-12-01-01-48-1024x576.png\" alt=\"\" class=\"wp-image-136\" srcset=\"https:\/\/mediakomp.info\/wp-content\/uploads\/2021\/05\/2020-11-12-01-01-48-1024x576.png 1024w, https:\/\/mediakomp.info\/wp-content\/uploads\/2021\/05\/2020-11-12-01-01-48-300x169.png 300w, https:\/\/mediakomp.info\/wp-content\/uploads\/2021\/05\/2020-11-12-01-01-48-768x432.png 768w, https:\/\/mediakomp.info\/wp-content\/uploads\/2021\/05\/2020-11-12-01-01-48-1536x864.png 1536w, https:\/\/mediakomp.info\/wp-content\/uploads\/2021\/05\/2020-11-12-01-01-48.png 1920w\" sizes=\"auto, (max-width: 1024px) 100vw, 1024px\" \/><\/figure><\/div>\n\n\n\n<div style=\"height:30px\" aria-hidden=\"true\" class=\"wp-block-spacer\"><\/div>\n\n\n\n<h3 class=\"has-text-align-center wp-block-heading\">Zadaniem gracza jest wcieli\u0107 si\u0119 w ba\u0142wana i pom\u00f3c \u015bwi\u0119temu Miko\u0142ajowi zebra\u0107 monety potrzebne na wytworzenie \u015bwi\u0105tecznych prezent\u00f3w.<\/h3>\n\n\n\n<div style=\"height:30px\" aria-hidden=\"true\" class=\"wp-block-spacer\"><\/div>\n\n\n\n<div class=\"wp-block-image\"><figure class=\"aligncenter size-large\"><img loading=\"lazy\" decoding=\"async\" width=\"1024\" height=\"576\" src=\"https:\/\/mediakomp.info\/wp-content\/uploads\/2021\/05\/2020-11-21-1024x576.png\" alt=\"\" class=\"wp-image-135\" srcset=\"https:\/\/mediakomp.info\/wp-content\/uploads\/2021\/05\/2020-11-21-1024x576.png 1024w, https:\/\/mediakomp.info\/wp-content\/uploads\/2021\/05\/2020-11-21-300x169.png 300w, https:\/\/mediakomp.info\/wp-content\/uploads\/2021\/05\/2020-11-21-768x432.png 768w, https:\/\/mediakomp.info\/wp-content\/uploads\/2021\/05\/2020-11-21-1536x864.png 1536w, https:\/\/mediakomp.info\/wp-content\/uploads\/2021\/05\/2020-11-21.png 1920w\" sizes=\"auto, (max-width: 1024px) 100vw, 1024px\" \/><\/figure><\/div>\n\n\n\n<div style=\"height:30px\" aria-hidden=\"true\" class=\"wp-block-spacer\"><\/div>\n\n\n\n<h3 class=\"has-text-align-center wp-block-heading\">Na gracza czeka ponad 50 zr\u00f3\u017cnicowanych poziom\u00f3w o r\u00f3\u017cnym poziomie trudno\u015bci.<\/h3>\n\n\n\n<div style=\"height:30px\" aria-hidden=\"true\" class=\"wp-block-spacer\"><\/div>\n\n\n\n<div class=\"wp-block-image\"><figure class=\"aligncenter size-large\"><img loading=\"lazy\" decoding=\"async\" width=\"1024\" height=\"576\" src=\"https:\/\/mediakomp.info\/wp-content\/uploads\/2021\/05\/2020-11-12-01-09-46-1024x576.png\" alt=\"\" class=\"wp-image-134\" srcset=\"https:\/\/mediakomp.info\/wp-content\/uploads\/2021\/05\/2020-11-12-01-09-46-1024x576.png 1024w, https:\/\/mediakomp.info\/wp-content\/uploads\/2021\/05\/2020-11-12-01-09-46-300x169.png 300w, https:\/\/mediakomp.info\/wp-content\/uploads\/2021\/05\/2020-11-12-01-09-46-768x432.png 768w, https:\/\/mediakomp.info\/wp-content\/uploads\/2021\/05\/2020-11-12-01-09-46-1536x864.png 1536w, https:\/\/mediakomp.info\/wp-content\/uploads\/2021\/05\/2020-11-12-01-09-46.png 1920w\" sizes=\"auto, (max-width: 1024px) 100vw, 1024px\" \/><\/figure><\/div>\n\n\n\n<div style=\"height:30px\" aria-hidden=\"true\" class=\"wp-block-spacer\"><\/div>\n\n\n\n<h3 class=\"has-text-align-center wp-block-heading\">W trakcie gry gracz mo\u017ce korzysta\u0107 z r\u00f3\u017cnych powerup\u00f3w, kt\u00f3re daj\u0105 specjalne moce takie jak:<\/h3>\n\n\n\n<h3 class=\"has-text-align-center wp-block-heading\">&#8211; przemiana w \u015bnie\u017cn\u0105 kul\u0119<\/h3>\n\n\n\n<h3 class=\"has-text-align-center wp-block-heading\">&#8211; super szybko\u015b\u0107<\/h3>\n\n\n\n<h3 class=\"has-text-align-center wp-block-heading\">&#8211; dash jump<\/h3>\n\n\n\n<h3 class=\"has-text-align-center wp-block-heading\">&#8211; chodzenie po \u015bcianach<\/h3>\n\n\n\n<div style=\"height:30px\" aria-hidden=\"true\" class=\"wp-block-spacer\"><\/div>\n\n\n\n<div class=\"wp-block-image\"><figure class=\"aligncenter size-large\"><img loading=\"lazy\" decoding=\"async\" width=\"1024\" height=\"576\" src=\"https:\/\/mediakomp.info\/wp-content\/uploads\/2021\/05\/2020-11-12-01-07-25-1024x576.png\" alt=\"\" class=\"wp-image-132\" srcset=\"https:\/\/mediakomp.info\/wp-content\/uploads\/2021\/05\/2020-11-12-01-07-25-1024x576.png 1024w, https:\/\/mediakomp.info\/wp-content\/uploads\/2021\/05\/2020-11-12-01-07-25-300x169.png 300w, https:\/\/mediakomp.info\/wp-content\/uploads\/2021\/05\/2020-11-12-01-07-25-768x432.png 768w, https:\/\/mediakomp.info\/wp-content\/uploads\/2021\/05\/2020-11-12-01-07-25-1536x864.png 1536w, https:\/\/mediakomp.info\/wp-content\/uploads\/2021\/05\/2020-11-12-01-07-25.png 1920w\" sizes=\"auto, (max-width: 1024px) 100vw, 1024px\" \/><\/figure><\/div>\n\n\n\n<div style=\"height:30px\" aria-hidden=\"true\" class=\"wp-block-spacer\"><\/div>\n\n\n\n<h3 class=\"has-text-align-center wp-block-heading\">Gra dost\u0119pna jest na platformy Xbox One\/Series, PC oraz telefony z Androidem.<\/h3>\n\n\n\n<div style=\"height:30px\" aria-hidden=\"true\" class=\"wp-block-spacer\"><\/div>\n\n\n\n<h2 class=\"has-text-align-center wp-block-heading\"><a href=\"https:\/\/www.microsoft.com\/store\/apps\/9N92S1FLSRZL\" target=\"_blank\" rel=\"noreferrer noopener\">Link do sklepu Microsoft Store<\/a><\/h2>\n\n\n\n<h2 class=\"has-text-align-center wp-block-heading\"><a href=\"https:\/\/play.google.com\/store\/apps\/details?id=com.MediaKomp.ChristmasFever\" target=\"_blank\" rel=\"noreferrer noopener\">Link do darmowej wersji na Androida<\/a><\/h2>\n\n\n\n<div style=\"height:30px\" aria-hidden=\"true\" class=\"wp-block-spacer\"><\/div>\n\n\n\n<figure class=\"wp-block-embed is-type-video is-provider-youtube wp-block-embed-youtube wp-embed-aspect-16-9 wp-has-aspect-ratio\"><div class=\"wp-block-embed__wrapper\">\n<div class=\"nv-iframe-embed\"><iframe loading=\"lazy\" title=\"Christmas Fever! Trailer\" width=\"1200\" height=\"675\" src=\"https:\/\/www.youtube.com\/embed\/i0bYFw1-qkQ?feature=oembed\" frameborder=\"0\" allow=\"accelerometer; autoplay; clipboard-write; encrypted-media; gyroscope; picture-in-picture\" allowfullscreen><\/iframe><\/div>\n<\/div><\/figure>\n\n\n\n<figure class=\"wp-block-gallery aligncenter columns-3 is-cropped wp-block-gallery-1 is-layout-flex wp-block-gallery-is-layout-flex\"><ul class=\"blocks-gallery-grid\"><li class=\"blocks-gallery-item\"><figure><a href=\"https:\/\/mediakomp.info\/wp-content\/uploads\/2021\/05\/s8.png\"><img loading=\"lazy\" decoding=\"async\" width=\"300\" height=\"169\" src=\"https:\/\/mediakomp.info\/wp-content\/uploads\/2021\/05\/s8-300x169.png\" alt=\"\" data-id=\"290\" data-full-url=\"https:\/\/mediakomp.info\/wp-content\/uploads\/2021\/05\/s8.png\" data-link=\"https:\/\/mediakomp.info\/s8\/\" class=\"wp-image-290\" srcset=\"https:\/\/mediakomp.info\/wp-content\/uploads\/2021\/05\/s8-300x169.png 300w, https:\/\/mediakomp.info\/wp-content\/uploads\/2021\/05\/s8-1024x576.png 1024w, https:\/\/mediakomp.info\/wp-content\/uploads\/2021\/05\/s8-768x432.png 768w, https:\/\/mediakomp.info\/wp-content\/uploads\/2021\/05\/s8.png 1366w\" sizes=\"auto, (max-width: 300px) 100vw, 300px\" \/><\/a><\/figure><\/li><li class=\"blocks-gallery-item\"><figure><a href=\"https:\/\/mediakomp.info\/wp-content\/uploads\/2021\/05\/s6.png\"><img loading=\"lazy\" decoding=\"async\" width=\"300\" height=\"169\" src=\"https:\/\/mediakomp.info\/wp-content\/uploads\/2021\/05\/s6-300x169.png\" alt=\"\" data-id=\"289\" data-full-url=\"https:\/\/mediakomp.info\/wp-content\/uploads\/2021\/05\/s6.png\" data-link=\"https:\/\/mediakomp.info\/s6\/\" class=\"wp-image-289\" srcset=\"https:\/\/mediakomp.info\/wp-content\/uploads\/2021\/05\/s6-300x169.png 300w, https:\/\/mediakomp.info\/wp-content\/uploads\/2021\/05\/s6-1024x576.png 1024w, https:\/\/mediakomp.info\/wp-content\/uploads\/2021\/05\/s6-768x432.png 768w, https:\/\/mediakomp.info\/wp-content\/uploads\/2021\/05\/s6.png 1366w\" sizes=\"auto, (max-width: 300px) 100vw, 300px\" \/><\/a><\/figure><\/li><li class=\"blocks-gallery-item\"><figure><a href=\"https:\/\/mediakomp.info\/wp-content\/uploads\/2021\/05\/s3.png\"><img loading=\"lazy\" decoding=\"async\" width=\"300\" height=\"169\" src=\"https:\/\/mediakomp.info\/wp-content\/uploads\/2021\/05\/s3-300x169.png\" alt=\"\" data-id=\"288\" data-full-url=\"https:\/\/mediakomp.info\/wp-content\/uploads\/2021\/05\/s3.png\" data-link=\"https:\/\/mediakomp.info\/s3\/\" class=\"wp-image-288\" srcset=\"https:\/\/mediakomp.info\/wp-content\/uploads\/2021\/05\/s3-300x169.png 300w, https:\/\/mediakomp.info\/wp-content\/uploads\/2021\/05\/s3-1024x576.png 1024w, https:\/\/mediakomp.info\/wp-content\/uploads\/2021\/05\/s3-768x432.png 768w, https:\/\/mediakomp.info\/wp-content\/uploads\/2021\/05\/s3.png 1366w\" sizes=\"auto, (max-width: 300px) 100vw, 300px\" \/><\/a><\/figure><\/li><li class=\"blocks-gallery-item\"><figure><a href=\"https:\/\/mediakomp.info\/wp-content\/uploads\/2021\/05\/s5.png\"><img loading=\"lazy\" decoding=\"async\" width=\"300\" height=\"169\" src=\"https:\/\/mediakomp.info\/wp-content\/uploads\/2021\/05\/s5-300x169.png\" alt=\"\" data-id=\"287\" data-full-url=\"https:\/\/mediakomp.info\/wp-content\/uploads\/2021\/05\/s5.png\" data-link=\"https:\/\/mediakomp.info\/s5\/\" class=\"wp-image-287\" srcset=\"https:\/\/mediakomp.info\/wp-content\/uploads\/2021\/05\/s5-300x169.png 300w, https:\/\/mediakomp.info\/wp-content\/uploads\/2021\/05\/s5-1024x576.png 1024w, https:\/\/mediakomp.info\/wp-content\/uploads\/2021\/05\/s5-768x432.png 768w, https:\/\/mediakomp.info\/wp-content\/uploads\/2021\/05\/s5.png 1366w\" sizes=\"auto, (max-width: 300px) 100vw, 300px\" \/><\/a><\/figure><\/li><li class=\"blocks-gallery-item\"><figure><a href=\"https:\/\/mediakomp.info\/wp-content\/uploads\/2021\/05\/2020-11-12-01-08-11.png\"><img loading=\"lazy\" decoding=\"async\" width=\"300\" height=\"169\" src=\"https:\/\/mediakomp.info\/wp-content\/uploads\/2021\/05\/2020-11-12-01-08-11-300x169.png\" alt=\"\" data-id=\"133\" data-full-url=\"https:\/\/mediakomp.info\/wp-content\/uploads\/2021\/05\/2020-11-12-01-08-11.png\" data-link=\"https:\/\/mediakomp.info\/2020-11-12-01-08-11\/\" class=\"wp-image-133\" srcset=\"https:\/\/mediakomp.info\/wp-content\/uploads\/2021\/05\/2020-11-12-01-08-11-300x169.png 300w, https:\/\/mediakomp.info\/wp-content\/uploads\/2021\/05\/2020-11-12-01-08-11-1024x576.png 1024w, https:\/\/mediakomp.info\/wp-content\/uploads\/2021\/05\/2020-11-12-01-08-11-768x432.png 768w, https:\/\/mediakomp.info\/wp-content\/uploads\/2021\/05\/2020-11-12-01-08-11-1536x864.png 1536w, https:\/\/mediakomp.info\/wp-content\/uploads\/2021\/05\/2020-11-12-01-08-11.png 1920w\" sizes=\"auto, (max-width: 300px) 100vw, 300px\" \/><\/a><\/figure><\/li><li class=\"blocks-gallery-item\"><figure><a href=\"https:\/\/mediakomp.info\/wp-content\/uploads\/2021\/05\/2020-11-12-01-09-46.png\"><img loading=\"lazy\" decoding=\"async\" width=\"300\" height=\"169\" src=\"https:\/\/mediakomp.info\/wp-content\/uploads\/2021\/05\/2020-11-12-01-09-46-300x169.png\" alt=\"\" data-id=\"134\" data-full-url=\"https:\/\/mediakomp.info\/wp-content\/uploads\/2021\/05\/2020-11-12-01-09-46.png\" data-link=\"https:\/\/mediakomp.info\/2020-11-12-01-09-46\/\" class=\"wp-image-134\" srcset=\"https:\/\/mediakomp.info\/wp-content\/uploads\/2021\/05\/2020-11-12-01-09-46-300x169.png 300w, https:\/\/mediakomp.info\/wp-content\/uploads\/2021\/05\/2020-11-12-01-09-46-1024x576.png 1024w, https:\/\/mediakomp.info\/wp-content\/uploads\/2021\/05\/2020-11-12-01-09-46-768x432.png 768w, https:\/\/mediakomp.info\/wp-content\/uploads\/2021\/05\/2020-11-12-01-09-46-1536x864.png 1536w, https:\/\/mediakomp.info\/wp-content\/uploads\/2021\/05\/2020-11-12-01-09-46.png 1920w\" sizes=\"auto, (max-width: 300px) 100vw, 300px\" \/><\/a><\/figure><\/li><\/ul><\/figure>\n","protected":false},"excerpt":{"rendered":"<p>Christmas Fever! to klasyczna platform\u00f3wka 2D o tematyce \u015bwi\u0105tecznej. Zadaniem gracza jest wcieli\u0107 si\u0119 w ba\u0142wana i pom\u00f3c \u015bwi\u0119temu Miko\u0142ajowi zebra\u0107 monety potrzebne na wytworzenie \u015bwi\u0105tecznych prezent\u00f3w. Na gracza czeka ponad 50 zr\u00f3\u017cnicowanych poziom\u00f3w o r\u00f3\u017cnym poziomie trudno\u015bci. W trakcie gry gracz mo\u017ce korzysta\u0107 z r\u00f3\u017cnych powerup\u00f3w, kt\u00f3re daj\u0105 specjalne moce takie jak: &#8211; przemiana&hellip;&nbsp;<a href=\"https:\/\/mediakomp.info\/index.php\/christmas-fever-pc-xboxone-xboxseries\/\" class=\"\" rel=\"bookmark\">Read More &raquo;<span class=\"screen-reader-text\">Christmas Fever (PC\/XboxOne\/XboxSeries)<\/span><\/a><\/p>\n","protected":false},"author":1,"featured_media":0,"parent":0,"menu_order":0,"comment_status":"closed","ping_status":"closed","template":"","meta":{"_monsterinsights_skip_tracking":false,"_monsterinsights_sitenote_active":false,"_monsterinsights_sitenote_note":"","_monsterinsights_sitenote_category":0,"neve_meta_sidebar":"full-width","neve_meta_container":"","neve_meta_enable_content_width":"on","neve_meta_content_width":100,"neve_meta_title_alignment":"","neve_meta_author_avatar":"","neve_post_elements_order":"","neve_meta_disable_header":"","neve_meta_disable_footer":"","neve_meta_disable_title":"on","footnotes":""},"class_list":["post-438","page","type-page","status-publish","hentry"],"_links":{"self":[{"href":"https:\/\/mediakomp.info\/index.php\/wp-json\/wp\/v2\/pages\/438","targetHints":{"allow":["GET"]}}],"collection":[{"href":"https:\/\/mediakomp.info\/index.php\/wp-json\/wp\/v2\/pages"}],"about":[{"href":"https:\/\/mediakomp.info\/index.php\/wp-json\/wp\/v2\/types\/page"}],"author":[{"embeddable":true,"href":"https:\/\/mediakomp.info\/index.php\/wp-json\/wp\/v2\/users\/1"}],"replies":[{"embeddable":true,"href":"https:\/\/mediakomp.info\/index.php\/wp-json\/wp\/v2\/comments?post=438"}],"version-history":[{"count":1,"href":"https:\/\/mediakomp.info\/index.php\/wp-json\/wp\/v2\/pages\/438\/revisions"}],"predecessor-version":[{"id":439,"href":"https:\/\/mediakomp.info\/index.php\/wp-json\/wp\/v2\/pages\/438\/revisions\/439"}],"wp:attachment":[{"href":"https:\/\/mediakomp.info\/index.php\/wp-json\/wp\/v2\/media?parent=438"}],"curies":[{"name":"wp","href":"https:\/\/api.w.org\/{rel}","templated":true}]}}